{"id":18,"date":"2023-08-03T19:12:34","date_gmt":"2023-08-03T17:12:34","guid":{"rendered":"https:\/\/foodforsoulnutrition.com\/?page_id=18"},"modified":"2025-07-21T13:43:41","modified_gmt":"2025-07-21T11:43:41","slug":"nutritionniste-nutritherapeute-holistique","status":"publish","type":"page","link":"https:\/\/foodforsoulnutrition.com\/en\/nutritionniste-nutritherapeute-holistique\/","title":{"rendered":"Agathe Willay"},"content":{"rendered":"<div data-elementor-type=\"wp-page\" data-elementor-id=\"18\" class=\"elementor elementor-18\" data-elementor-post-type=\"page\">\n\t\t\t\t<div class=\"elementor-element elementor-element-7a6a1d5 e-flex e-con-boxed e-con e-parent\" data-id=\"7a6a1d5\" data-element_type=\"container\" data-settings=\"{&quot;background_background&quot;:&quot;classic&quot;}\">\n\t\t\t\t\t<div class=\"e-con-inner\">\n\t\t<div class=\"elementor-element elementor-element-c228900 e-con-full e-flex e-con e-child\" data-id=\"c228900\" data-element_type=\"container\" data-settings=\"{&quot;position&quot;:&quot;absolute&quot;}\">\n\t\t\t\t<div class=\"elementor-element elementor-element-25c329f elementor-widget elementor-widget-heading\" data-id=\"25c329f\" data-element_type=\"widget\" data-widget_type=\"heading.default\">\n\t\t\t\t<div class=\"elementor-widget-container\">\n\t\t\t\t\t<h1 class=\"elementor-heading-title elementor-size-default\">Agathe Willay - Nutritionniste - Nutrith\u00e9rapeute holistique - Gen\u00e8ve - Pays de Gex - Haute Savoie<\/h1>\t\t\t\t<\/div>\n\t\t\t\t<\/div>\n\t\t\t\t<\/div>\n\t\t\t\t\t<\/div>\n\t\t\t\t<\/div>\n\t\t<div class=\"elementor-element elementor-element-c731f76 e-flex e-con-boxed e-con e-parent\" data-id=\"c731f76\" data-element_type=\"container\">\n\t\t\t\t\t<div class=\"e-con-inner\">\n\t\t<div class=\"elementor-element elementor-element-dc26689 e-con-full e-flex e-con e-child\" data-id=\"dc26689\" data-element_type=\"container\">\n\t\t\t\t<div class=\"elementor-element elementor-element-2fb0db9 elementor-widget elementor-widget-image\" data-id=\"2fb0db9\" data-element_type=\"widget\" data-widget_type=\"image.default\">\n\t\t\t\t<div class=\"elementor-widget-container\">\n\t\t\t\t\t\t\t\t\t\t\t\t\t\t\t<img fetchpriority=\"high\" decoding=\"async\" width=\"827\" height=\"1241\" src=\"https:\/\/foodforsoulnutrition.com\/wp-content\/uploads\/2024\/09\/DSC7488-light.jpg\" class=\"attachment-full size-full wp-image-2712\" alt=\"Agathe Willay - Food for Soul Nutrition - Nutritionniste et Nutrith\u00e9rapeute holistique agr\u00e9\u00e9e ASCA et RME - Gen\u00e8ve (Meyrin) et Pays de Gex - Photo Agathe Willay nature\" srcset=\"https:\/\/foodforsoulnutrition.com\/wp-content\/uploads\/2024\/09\/DSC7488-light.jpg 827w, https:\/\/foodforsoulnutrition.com\/wp-content\/uploads\/2024\/09\/DSC7488-light-200x300.jpg 200w, https:\/\/foodforsoulnutrition.com\/wp-content\/uploads\/2024\/09\/DSC7488-light-682x1024.jpg 682w, https:\/\/foodforsoulnutrition.com\/wp-content\/uploads\/2024\/09\/DSC7488-light-768x1152.jpg 768w, https:\/\/foodforsoulnutrition.com\/wp-content\/uploads\/2024\/09\/DSC7488-light-8x12.jpg 8w\" sizes=\"(max-width: 827px) 100vw, 827px\" \/>\t\t\t\t\t\t\t\t\t\t\t\t\t\t\t<\/div>\n\t\t\t\t<\/div>\n\t\t\t\t<div class=\"elementor-element elementor-element-e8190cb elementor-align-center elementor-widget elementor-widget-button\" data-id=\"e8190cb\" data-element_type=\"widget\" data-widget_type=\"button.default\">\n\t\t\t\t<div class=\"elementor-widget-container\">\n\t\t\t\t\t\t\t\t\t<div class=\"elementor-button-wrapper\">\n\t\t\t\t\t<a class=\"elementor-button elementor-button-link elementor-size-md\" href=\"https:\/\/foodforsoulnutrition.com\/en\/contact-et-paiement\/\">\n\t\t\t\t\t\t<span class=\"elementor-button-content-wrapper\">\n\t\t\t\t\t\t\t\t\t<span class=\"elementor-button-text\">CONTACT ME<\/span>\n\t\t\t\t\t<\/span>\n\t\t\t\t\t<\/a>\n\t\t\t\t<\/div>\n\t\t\t\t\t\t\t\t<\/div>\n\t\t\t\t<\/div>\n\t\t\t\t<\/div>\n\t\t<div class=\"elementor-element elementor-element-d73e18e e-flex e-con-boxed e-con e-child\" data-id=\"d73e18e\" data-element_type=\"container\">\n\t\t\t\t\t<div class=\"e-con-inner\">\n\t\t\t\t<div class=\"elementor-element elementor-element-18de7ba elementor-widget elementor-widget-image\" data-id=\"18de7ba\" data-element_type=\"widget\" data-widget_type=\"image.default\">\n\t\t\t\t<div class=\"elementor-widget-container\">\n\t\t\t\t\t\t\t\t\t\t\t\t\t\t\t<img decoding=\"async\" width=\"658\" height=\"188\" src=\"https:\/\/foodforsoulnutrition.com\/wp-content\/uploads\/2023\/08\/agathe_bleu_en.png\" class=\"attachment-full size-full wp-image-1820\" alt=\"Agathe Willay - Food for Soul Nutrition - Nutritionniste et Nutrith\u00e9rapeute holistique agr\u00e9\u00e9e ASCA et RME - Gen\u00e8ve (Meyrin) et Pays de Gex - Typo bleu fr\" srcset=\"https:\/\/foodforsoulnutrition.com\/wp-content\/uploads\/2023\/08\/agathe_bleu_en.png 658w, https:\/\/foodforsoulnutrition.com\/wp-content\/uploads\/2023\/08\/agathe_bleu_en-300x86.png 300w, https:\/\/foodforsoulnutrition.com\/wp-content\/uploads\/2023\/08\/agathe_bleu_en-18x5.png 18w\" sizes=\"(max-width: 658px) 100vw, 658px\" \/>\t\t\t\t\t\t\t\t\t\t\t\t\t\t\t<\/div>\n\t\t\t\t<\/div>\n\t\t\t\t<div class=\"elementor-element elementor-element-b339e85 elementor-widget elementor-widget-heading\" data-id=\"b339e85\" data-element_type=\"widget\" data-widget_type=\"heading.default\">\n\t\t\t\t<div class=\"elementor-widget-container\">\n\t\t\t\t\t<h2 class=\"elementor-heading-title elementor-size-default\">I'm deeply convinced that nutrition is the basis of good health.<\/h2>\t\t\t\t<\/div>\n\t\t\t\t<\/div>\n\t\t\t\t<div class=\"elementor-element elementor-element-7ff8359 elementor-widget elementor-widget-text-editor\" data-id=\"7ff8359\" data-element_type=\"widget\" data-widget_type=\"text-editor.default\">\n\t\t\t\t<div class=\"elementor-widget-container\">\n\t\t\t\t\t\t\t\t\t<p class=\"translation-block\">The \"<strong>Holistic Nutritionist \/ Nutrith\u00e9rapeute<\/strong>\" activity I pursue today is the logical continuation of my life.<br>\nA childhood marked by excess kilos, an adolescence by the desire to please others, with uncontrolled dieting leading to anorexia... Add to this the emotions that fluctuate according to the stress and anxiety generated by studies and the life choices we make at this age for our future.<br>\nI then went on to train in culinary arts and tableware at the lyc\u00e9e h\u00f4telier and later at the BTS.<\/p>\t\t\t\t\t\t\t\t<\/div>\n\t\t\t\t<\/div>\n\t\t\t\t<div class=\"elementor-element elementor-element-2455ea6 elementor-widget elementor-widget-heading\" data-id=\"2455ea6\" data-element_type=\"widget\" data-widget_type=\"heading.default\">\n\t\t\t\t<div class=\"elementor-widget-container\">\n\t\t\t\t\t<h2 class=\"elementor-heading-title elementor-size-default\">I've always been a people person, with a visceral need to communicate and share.<\/h2>\t\t\t\t<\/div>\n\t\t\t\t<\/div>\n\t\t\t\t<div class=\"elementor-element elementor-element-1643fe6 elementor-widget elementor-widget-text-editor\" data-id=\"1643fe6\" data-element_type=\"widget\" data-widget_type=\"text-editor.default\">\n\t\t\t\t<div class=\"elementor-widget-container\">\n\t\t\t\t\t\t\t\t\t<p class=\"translation-block\">I had the opportunity to work in the events industry and then, over the years, in the communications departments of major groups. <strong>Valuing people for their skills, uniting them around values and creating synergies between people<\/strong> was part of my life's work.<\/p>\t\t\t\t\t\t\t\t<\/div>\n\t\t\t\t<\/div>\n\t\t\t\t<div class=\"elementor-element elementor-element-1759bc9 elementor-widget elementor-widget-heading\" data-id=\"1759bc9\" data-element_type=\"widget\" data-widget_type=\"heading.default\">\n\t\t\t\t<div class=\"elementor-widget-container\">\n\t\t\t\t\t<h2 class=\"elementor-heading-title elementor-size-default\">On the strength of this experience, I wanted to return to nutrition from a more global angle.<\/h2>\t\t\t\t<\/div>\n\t\t\t\t<\/div>\n\t\t\t\t<div class=\"elementor-element elementor-element-9f45b36 elementor-widget elementor-widget-text-editor\" data-id=\"9f45b36\" data-element_type=\"widget\" data-widget_type=\"text-editor.default\">\n\t\t\t\t<div class=\"elementor-widget-container\">\n\t\t\t\t\t\t\t\t\t<p class=\"translation-block\">In 2019, I studied \"<strong>Holistic Nutrition<\/strong>\" at ENH in Geneva (<strong>ASCA accredited<\/strong>) where I learned to accompany people in their wholeness and uniqueness, between their body, emotions and psyche with a Body\/Soul\/Spirit approach.<br>\nI intentionally make the distinction between \"Nutritionist\" and \"Holistic Nutritherapist\", as some people will recognize themselves better in a body-based nutrition coaching (although emotions and the mind largely govern our impulses and eating habits).<br>\nI've been using this approach for several years, asking myself the question: \"How do I nourish my life? What am I hungry for?\"<br>\nThis allows me to feed myself consciously.\u2028 Whether it's with a good roast chicken, enjoyed with the family around a beautiful table, or with tender kisses from my child.<\/p>\t\t\t\t\t\t\t\t<\/div>\n\t\t\t\t<\/div>\n\t\t\t\t<div class=\"elementor-element elementor-element-94b9f05 elementor-widget elementor-widget-heading\" data-id=\"94b9f05\" data-element_type=\"widget\" data-widget_type=\"heading.default\">\n\t\t\t\t<div class=\"elementor-widget-container\">\n\t\t\t\t\t<h2 class=\"elementor-heading-title elementor-size-default\">The aim is to become aware of one's own needs, to listen to oneself and to give oneself space.<\/h2>\t\t\t\t<\/div>\n\t\t\t\t<\/div>\n\t\t\t\t<div class=\"elementor-element elementor-element-96df7f5 elementor-widget elementor-widget-text-editor\" data-id=\"96df7f5\" data-element_type=\"widget\" data-widget_type=\"text-editor.default\">\n\t\t\t\t<div class=\"elementor-widget-container\">\n\t\t\t\t\t\t\t\t\t<p class=\"translation-block\">I work with anyone who wants to improve their health and optimize their life force.<br>\nIf these few lines speak to you, I'd be delighted to share my experience with you to meet your needs. \u2028Please do not hesitate to contact me, so that we can discuss your needs.<\/p>\t\t\t\t\t\t\t\t<\/div>\n\t\t\t\t<\/div>\n\t\t\t\t\t<\/div>\n\t\t\t\t<\/div>\n\t\t\t\t\t<\/div>\n\t\t\t\t<\/div>\n\t\t<div class=\"elementor-element elementor-element-74cad94 e-flex e-con-boxed e-con e-parent\" data-id=\"74cad94\" data-element_type=\"container\">\n\t\t\t\t\t<div class=\"e-con-inner\">\n\t\t\t\t<div class=\"elementor-element elementor-element-abc94a9 elementor-widget elementor-widget-heading\" data-id=\"abc94a9\" data-element_type=\"widget\" data-widget_type=\"heading.default\">\n\t\t\t\t<div class=\"elementor-widget-container\">\n\t\t\t\t\t<h2 class=\"elementor-heading-title elementor-size-default\">Podcast \"My journey, my choices, my truths...\"<\/h2>\t\t\t\t<\/div>\n\t\t\t\t<\/div>\n\t\t\t\t<div class=\"elementor-element elementor-element-82cedc9 elementor-widget elementor-widget-text-editor\" data-id=\"82cedc9\" data-element_type=\"widget\" data-widget_type=\"text-editor.default\">\n\t\t\t\t<div class=\"elementor-widget-container\">\n\t\t\t\t\t\t\t\t\t<p>In this podcast, I reveal everything. The deep need to connect with others that drives me. The turning points in my life. The search for meaning that led me to nutritional coaching.<\/p>\t\t\t\t\t\t\t\t<\/div>\n\t\t\t\t<\/div>\n\t\t\t\t<div class=\"elementor-element elementor-element-1286cb1 elementor-widget elementor-widget-video\" data-id=\"1286cb1\" data-element_type=\"widget\" data-settings=\"{&quot;youtube_url&quot;:&quot;https:\\\/\\\/youtu.be\\\/iEYnAzq80K8?feature=shared&quot;,&quot;video_type&quot;:&quot;youtube&quot;,&quot;controls&quot;:&quot;yes&quot;}\" data-widget_type=\"video.default\">\n\t\t\t\t<div class=\"elementor-widget-container\">\n\t\t\t\t\t\t\t<div class=\"elementor-wrapper elementor-open-inline\">\n\t\t\t<div class=\"elementor-video\"><\/div>\t\t<\/div>\n\t\t\t\t\t\t<\/div>\n\t\t\t\t<\/div>\n\t\t\t\t\t<\/div>\n\t\t\t\t<\/div>\n\t\t\t\t<\/div>","protected":false},"excerpt":{"rendered":"<p>Agathe Willay &#8211; Nutritionniste &#8211; Nutrith\u00e9rapeute holistique &#8211; Gen\u00e8ve &#8211; Pays de Gex &#8211; Haute Savoie ME CONTACTER Je suis profond\u00e9ment convaincue que la nutrition est la base d\u2019une bonne sant\u00e9. L\u2019activit\u00e9 de \u00ab Nutritionniste \/ Nutrith\u00e9rapeute Holistique \u00bb que j\u2019exerce aujourd\u2019hui s\u2019inscrit dans la suite logique de ma vie.Une enfance marqu\u00e9e par des kilos [&hellip;]<\/p>\n","protected":false},"author":1,"featured_media":0,"parent":0,"menu_order":0,"comment_status":"closed","ping_status":"closed","template":"","meta":{"ocean_post_layout":"full-width","ocean_both_sidebars_style":"","ocean_both_sidebars_content_width":0,"ocean_both_sidebars_sidebars_width":0,"ocean_sidebar":"0","ocean_second_sidebar":"0","ocean_disable_margins":"enable","ocean_add_body_class":"","ocean_shortcode_before_top_bar":"","ocean_shortcode_after_top_bar":"","ocean_shortcode_before_header":"","ocean_shortcode_after_header":"","ocean_has_shortcode":"","ocean_shortcode_after_title":"","ocean_shortcode_before_footer_widgets":"","ocean_shortcode_after_footer_widgets":"","ocean_shortcode_before_footer_bottom":"","ocean_shortcode_after_footer_bottom":"","ocean_display_top_bar":"default","ocean_display_header":"default","ocean_header_style":"","ocean_center_header_left_menu":"0","ocean_custom_header_template":"0","ocean_custom_logo":0,"ocean_custom_retina_logo":0,"ocean_custom_logo_max_width":0,"ocean_custom_logo_tablet_max_width":0,"ocean_custom_logo_mobile_max_width":0,"ocean_custom_logo_max_height":0,"ocean_custom_logo_tablet_max_height":0,"ocean_custom_logo_mobile_max_height":0,"ocean_header_custom_menu":"0","ocean_menu_typo_font_family":"0","ocean_menu_typo_font_subset":"","ocean_menu_typo_font_size":0,"ocean_menu_typo_font_size_tablet":0,"ocean_menu_typo_font_size_mobile":0,"ocean_menu_typo_font_size_unit":"px","ocean_menu_typo_font_weight":"","ocean_menu_typo_font_weight_tablet":"","ocean_menu_typo_font_weight_mobile":"","ocean_menu_typo_transform":"","ocean_menu_typo_transform_tablet":"","ocean_menu_typo_transform_mobile":"","ocean_menu_typo_line_height":0,"ocean_menu_typo_line_height_tablet":0,"ocean_menu_typo_line_height_mobile":0,"ocean_menu_typo_line_height_unit":"","ocean_menu_typo_spacing":0,"ocean_menu_typo_spacing_tablet":0,"ocean_menu_typo_spacing_mobile":0,"ocean_menu_typo_spacing_unit":"","ocean_menu_link_color":"","ocean_menu_link_color_hover":"","ocean_menu_link_color_active":"","ocean_menu_link_background":"","ocean_menu_link_hover_background":"","ocean_menu_link_active_background":"","ocean_menu_social_links_bg":"","ocean_menu_social_hover_links_bg":"","ocean_menu_social_links_color":"","ocean_menu_social_hover_links_color":"","ocean_disable_title":"default","ocean_disable_heading":"default","ocean_post_title":"","ocean_post_subheading":"","ocean_post_title_style":"","ocean_post_title_background_color":"","ocean_post_title_background":0,"ocean_post_title_bg_image_position":"","ocean_post_title_bg_image_attachment":"","ocean_post_title_bg_image_repeat":"","ocean_post_title_bg_image_size":"","ocean_post_title_height":0,"ocean_post_title_bg_overlay":0.5,"ocean_post_title_bg_overlay_color":"","ocean_disable_breadcrumbs":"default","ocean_breadcrumbs_color":"","ocean_breadcrumbs_separator_color":"","ocean_breadcrumbs_links_color":"","ocean_breadcrumbs_links_hover_color":"","ocean_display_footer_widgets":"default","ocean_display_footer_bottom":"default","ocean_custom_footer_template":"0","footnotes":""},"class_list":["post-18","page","type-page","status-publish","hentry","entry"],"yoast_head":"<!-- This site is optimized with the Yoast SEO plugin v27.1.1 - https:\/\/yoast.com\/product\/yoast-seo-wordpress\/ -->\n<title>Nutritionniste et Nutrith\u00e9rapeute holistique Gen\u00e8ve France voisine<\/title>\n<meta name=\"description\" content=\"J\u2019accompagne toute personne d\u00e9sireuse d\u2019am\u00e9liorer sa sant\u00e9 en r\u00e9apprenant \u00e0 se nourrir en conscience, perte de poids, troubles alimentaires..\" \/>\n<meta name=\"robots\" content=\"index, follow, max-snippet:-1, max-image-preview:large, max-video-preview:-1\" \/>\n<link rel=\"canonical\" href=\"https:\/\/foodforsoulnutrition.com\/en\/nutritionniste-nutritherapeute-holistique\/\" \/>\n<meta property=\"og:locale\" content=\"en_US\" \/>\n<meta property=\"og:type\" content=\"article\" \/>\n<meta property=\"og:title\" content=\"Nutritionniste et Nutrith\u00e9rapeute holistique Gen\u00e8ve France voisine\" \/>\n<meta property=\"og:description\" content=\"J\u2019accompagne toute personne d\u00e9sireuse d\u2019am\u00e9liorer sa sant\u00e9 en r\u00e9apprenant \u00e0 se nourrir en conscience, perte de poids, troubles alimentaires..\" \/>\n<meta property=\"og:url\" content=\"https:\/\/foodforsoulnutrition.com\/en\/nutritionniste-nutritherapeute-holistique\/\" \/>\n<meta property=\"og:site_name\" content=\"Food for Soul Nutrition\" \/>\n<meta property=\"article:modified_time\" content=\"2025-07-21T11:43:41+00:00\" \/>\n<meta property=\"og:image\" content=\"https:\/\/foodforsoulnutrition.com\/wp-content\/uploads\/2024\/09\/DSC7488-light.jpg\" \/>\n\t<meta property=\"og:image:width\" content=\"827\" \/>\n\t<meta property=\"og:image:height\" content=\"1241\" \/>\n\t<meta property=\"og:image:type\" content=\"image\/jpeg\" \/>\n<meta name=\"twitter:card\" content=\"summary_large_image\" \/>\n<meta name=\"twitter:label1\" content=\"Est. reading time\" \/>\n\t<meta name=\"twitter:data1\" content=\"3 minutes\" \/>\n<script type=\"application\/ld+json\" class=\"yoast-schema-graph\">{\"@context\":\"https:\/\/schema.org\",\"@graph\":[{\"@type\":\"WebPage\",\"@id\":\"https:\/\/foodforsoulnutrition.com\/nutritionniste-nutritherapeute-holistique\/\",\"url\":\"https:\/\/foodforsoulnutrition.com\/nutritionniste-nutritherapeute-holistique\/\",\"name\":\"Nutritionniste et Nutrith\u00e9rapeute holistique Gen\u00e8ve France voisine\",\"isPartOf\":{\"@id\":\"https:\/\/foodforsoulnutrition.com\/#website\"},\"primaryImageOfPage\":{\"@id\":\"https:\/\/foodforsoulnutrition.com\/nutritionniste-nutritherapeute-holistique\/#primaryimage\"},\"image\":{\"@id\":\"https:\/\/foodforsoulnutrition.com\/nutritionniste-nutritherapeute-holistique\/#primaryimage\"},\"thumbnailUrl\":\"https:\/\/foodforsoulnutrition.com\/wp-content\/uploads\/2024\/09\/DSC7488-light.jpg\",\"datePublished\":\"2023-08-03T17:12:34+00:00\",\"dateModified\":\"2025-07-21T11:43:41+00:00\",\"description\":\"J\u2019accompagne toute personne d\u00e9sireuse d\u2019am\u00e9liorer sa sant\u00e9 en r\u00e9apprenant \u00e0 se nourrir en conscience, perte de poids, troubles alimentaires..\",\"breadcrumb\":{\"@id\":\"https:\/\/foodforsoulnutrition.com\/nutritionniste-nutritherapeute-holistique\/#breadcrumb\"},\"inLanguage\":\"en-US\",\"potentialAction\":[{\"@type\":\"ReadAction\",\"target\":[\"https:\/\/foodforsoulnutrition.com\/nutritionniste-nutritherapeute-holistique\/\"]}]},{\"@type\":\"ImageObject\",\"inLanguage\":\"en-US\",\"@id\":\"https:\/\/foodforsoulnutrition.com\/nutritionniste-nutritherapeute-holistique\/#primaryimage\",\"url\":\"https:\/\/foodforsoulnutrition.com\/wp-content\/uploads\/2024\/09\/DSC7488-light.jpg\",\"contentUrl\":\"https:\/\/foodforsoulnutrition.com\/wp-content\/uploads\/2024\/09\/DSC7488-light.jpg\"},{\"@type\":\"BreadcrumbList\",\"@id\":\"https:\/\/foodforsoulnutrition.com\/nutritionniste-nutritherapeute-holistique\/#breadcrumb\",\"itemListElement\":[{\"@type\":\"ListItem\",\"position\":1,\"name\":\"Accueil\",\"item\":\"https:\/\/foodforsoulnutrition.com\/\"},{\"@type\":\"ListItem\",\"position\":2,\"name\":\"Agathe Willay\"}]},{\"@type\":\"WebSite\",\"@id\":\"https:\/\/foodforsoulnutrition.com\/#website\",\"url\":\"https:\/\/foodforsoulnutrition.com\/\",\"name\":\"Food for Soul Nutrition\",\"description\":\"Agathe Willay, Nutritionniste et Nutrith\u00e9rapeute Holistique\",\"publisher\":{\"@id\":\"https:\/\/foodforsoulnutrition.com\/#\/schema\/person\/e5bd885c1fd661e68baee476f4d7e228\"},\"potentialAction\":[{\"@type\":\"SearchAction\",\"target\":{\"@type\":\"EntryPoint\",\"urlTemplate\":\"https:\/\/foodforsoulnutrition.com\/?s={search_term_string}\"},\"query-input\":{\"@type\":\"PropertyValueSpecification\",\"valueRequired\":true,\"valueName\":\"search_term_string\"}}],\"inLanguage\":\"en-US\"},{\"@type\":[\"Person\",\"Organization\"],\"@id\":\"https:\/\/foodforsoulnutrition.com\/#\/schema\/person\/e5bd885c1fd661e68baee476f4d7e228\",\"name\":\"Admin\",\"image\":{\"@type\":\"ImageObject\",\"inLanguage\":\"en-US\",\"@id\":\"https:\/\/foodforsoulnutrition.com\/#\/schema\/person\/image\/\",\"url\":\"https:\/\/foodforsoulnutrition.com\/wp-content\/uploads\/2023\/08\/avatar.jpg\",\"contentUrl\":\"https:\/\/foodforsoulnutrition.com\/wp-content\/uploads\/2023\/08\/avatar.jpg\",\"width\":537,\"height\":537,\"caption\":\"Admin\"},\"logo\":{\"@id\":\"https:\/\/foodforsoulnutrition.com\/#\/schema\/person\/image\/\"},\"sameAs\":[\"https:\/\/foodforsoulnutrition.com\"]}]}<\/script>\n<!-- \/ Yoast SEO plugin. -->","yoast_head_json":{"title":"Nutritionniste et Nutrith\u00e9rapeute holistique Gen\u00e8ve France voisine","description":"J\u2019accompagne toute personne d\u00e9sireuse d\u2019am\u00e9liorer sa sant\u00e9 en r\u00e9apprenant \u00e0 se nourrir en conscience, perte de poids, troubles alimentaires..","robots":{"index":"index","follow":"follow","max-snippet":"max-snippet:-1","max-image-preview":"max-image-preview:large","max-video-preview":"max-video-preview:-1"},"canonical":"https:\/\/foodforsoulnutrition.com\/en\/nutritionniste-nutritherapeute-holistique\/","og_locale":"en_US","og_type":"article","og_title":"Nutritionniste et Nutrith\u00e9rapeute holistique Gen\u00e8ve France voisine","og_description":"J\u2019accompagne toute personne d\u00e9sireuse d\u2019am\u00e9liorer sa sant\u00e9 en r\u00e9apprenant \u00e0 se nourrir en conscience, perte de poids, troubles alimentaires..","og_url":"https:\/\/foodforsoulnutrition.com\/en\/nutritionniste-nutritherapeute-holistique\/","og_site_name":"Food for Soul Nutrition","article_modified_time":"2025-07-21T11:43:41+00:00","og_image":[{"width":827,"height":1241,"url":"https:\/\/foodforsoulnutrition.com\/wp-content\/uploads\/2024\/09\/DSC7488-light.jpg","type":"image\/jpeg"}],"twitter_card":"summary_large_image","twitter_misc":{"Est. reading time":"3 minutes"},"schema":{"@context":"https:\/\/schema.org","@graph":[{"@type":"WebPage","@id":"https:\/\/foodforsoulnutrition.com\/nutritionniste-nutritherapeute-holistique\/","url":"https:\/\/foodforsoulnutrition.com\/nutritionniste-nutritherapeute-holistique\/","name":"Nutritionniste et Nutrith\u00e9rapeute holistique Gen\u00e8ve France voisine","isPartOf":{"@id":"https:\/\/foodforsoulnutrition.com\/#website"},"primaryImageOfPage":{"@id":"https:\/\/foodforsoulnutrition.com\/nutritionniste-nutritherapeute-holistique\/#primaryimage"},"image":{"@id":"https:\/\/foodforsoulnutrition.com\/nutritionniste-nutritherapeute-holistique\/#primaryimage"},"thumbnailUrl":"https:\/\/foodforsoulnutrition.com\/wp-content\/uploads\/2024\/09\/DSC7488-light.jpg","datePublished":"2023-08-03T17:12:34+00:00","dateModified":"2025-07-21T11:43:41+00:00","description":"J\u2019accompagne toute personne d\u00e9sireuse d\u2019am\u00e9liorer sa sant\u00e9 en r\u00e9apprenant \u00e0 se nourrir en conscience, perte de poids, troubles alimentaires..","breadcrumb":{"@id":"https:\/\/foodforsoulnutrition.com\/nutritionniste-nutritherapeute-holistique\/#breadcrumb"},"inLanguage":"en-US","potentialAction":[{"@type":"ReadAction","target":["https:\/\/foodforsoulnutrition.com\/nutritionniste-nutritherapeute-holistique\/"]}]},{"@type":"ImageObject","inLanguage":"en-US","@id":"https:\/\/foodforsoulnutrition.com\/nutritionniste-nutritherapeute-holistique\/#primaryimage","url":"https:\/\/foodforsoulnutrition.com\/wp-content\/uploads\/2024\/09\/DSC7488-light.jpg","contentUrl":"https:\/\/foodforsoulnutrition.com\/wp-content\/uploads\/2024\/09\/DSC7488-light.jpg"},{"@type":"BreadcrumbList","@id":"https:\/\/foodforsoulnutrition.com\/nutritionniste-nutritherapeute-holistique\/#breadcrumb","itemListElement":[{"@type":"ListItem","position":1,"name":"Accueil","item":"https:\/\/foodforsoulnutrition.com\/"},{"@type":"ListItem","position":2,"name":"Agathe Willay"}]},{"@type":"WebSite","@id":"https:\/\/foodforsoulnutrition.com\/#website","url":"https:\/\/foodforsoulnutrition.com\/","name":"Food for Soul Nutrition","description":"Agathe Willay, Nutritionniste et Nutrith\u00e9rapeute Holistique","publisher":{"@id":"https:\/\/foodforsoulnutrition.com\/#\/schema\/person\/e5bd885c1fd661e68baee476f4d7e228"},"potentialAction":[{"@type":"SearchAction","target":{"@type":"EntryPoint","urlTemplate":"https:\/\/foodforsoulnutrition.com\/?s={search_term_string}"},"query-input":{"@type":"PropertyValueSpecification","valueRequired":true,"valueName":"search_term_string"}}],"inLanguage":"en-US"},{"@type":["Person","Organization"],"@id":"https:\/\/foodforsoulnutrition.com\/#\/schema\/person\/e5bd885c1fd661e68baee476f4d7e228","name":"Admin","image":{"@type":"ImageObject","inLanguage":"en-US","@id":"https:\/\/foodforsoulnutrition.com\/#\/schema\/person\/image\/","url":"https:\/\/foodforsoulnutrition.com\/wp-content\/uploads\/2023\/08\/avatar.jpg","contentUrl":"https:\/\/foodforsoulnutrition.com\/wp-content\/uploads\/2023\/08\/avatar.jpg","width":537,"height":537,"caption":"Admin"},"logo":{"@id":"https:\/\/foodforsoulnutrition.com\/#\/schema\/person\/image\/"},"sameAs":["https:\/\/foodforsoulnutrition.com"]}]}},"_links":{"self":[{"href":"https:\/\/foodforsoulnutrition.com\/en\/wp-json\/wp\/v2\/pages\/18","targetHints":{"allow":["GET"]}}],"collection":[{"href":"https:\/\/foodforsoulnutrition.com\/en\/wp-json\/wp\/v2\/pages"}],"about":[{"href":"https:\/\/foodforsoulnutrition.com\/en\/wp-json\/wp\/v2\/types\/page"}],"author":[{"embeddable":true,"href":"https:\/\/foodforsoulnutrition.com\/en\/wp-json\/wp\/v2\/users\/1"}],"replies":[{"embeddable":true,"href":"https:\/\/foodforsoulnutrition.com\/en\/wp-json\/wp\/v2\/comments?post=18"}],"version-history":[{"count":153,"href":"https:\/\/foodforsoulnutrition.com\/en\/wp-json\/wp\/v2\/pages\/18\/revisions"}],"predecessor-version":[{"id":5675,"href":"https:\/\/foodforsoulnutrition.com\/en\/wp-json\/wp\/v2\/pages\/18\/revisions\/5675"}],"wp:attachment":[{"href":"https:\/\/foodforsoulnutrition.com\/en\/wp-json\/wp\/v2\/media?parent=18"}],"curies":[{"name":"wp","href":"https:\/\/api.w.org\/{rel}","templated":true}]}}