{"id":20,"date":"2023-08-03T19:13:31","date_gmt":"2023-08-03T17:13:31","guid":{"rendered":"https:\/\/foodforsoulnutrition.com\/?page_id=20"},"modified":"2025-12-31T17:42:16","modified_gmt":"2025-12-31T16:42:16","slug":"consultations","status":"publish","type":"page","link":"https:\/\/foodforsoulnutrition.com\/en\/consultations\/","title":{"rendered":"Consultations"},"content":{"rendered":"<div data-elementor-type=\"wp-page\" data-elementor-id=\"20\" class=\"elementor elementor-20\" data-elementor-post-type=\"page\">\n\t\t\t\t<div class=\"elementor-element elementor-element-86b61a7 e-flex e-con-boxed e-con e-parent\" data-id=\"86b61a7\" data-element_type=\"container\" data-settings=\"{&quot;background_background&quot;:&quot;classic&quot;}\">\n\t\t\t\t\t<div class=\"e-con-inner\">\n\t\t\t\t\t<\/div>\n\t\t\t\t<\/div>\n\t\t<div class=\"elementor-element elementor-element-f9f2e53 e-flex e-con-boxed e-con e-parent\" data-id=\"f9f2e53\" data-element_type=\"container\" data-settings=\"{&quot;background_background&quot;:&quot;classic&quot;}\">\n\t\t\t\t\t<div class=\"e-con-inner\">\n\t\t<div class=\"elementor-element elementor-element-af71f9d e-con-full e-flex e-con e-child\" data-id=\"af71f9d\" data-element_type=\"container\">\n\t\t\t\t<div class=\"elementor-element elementor-element-ff7da06 elementor-widget elementor-widget-heading\" data-id=\"ff7da06\" data-element_type=\"widget\" data-widget_type=\"heading.default\">\n\t\t\t\t<div class=\"elementor-widget-container\">\n\t\t\t\t\t<h1 class=\"elementor-heading-title elementor-size-default\">Consultations<\/h1>\t\t\t\t<\/div>\n\t\t\t\t<\/div>\n\t\t\t\t<div class=\"elementor-element elementor-element-2348015 elementor-widget elementor-widget-text-editor\" data-id=\"2348015\" data-element_type=\"widget\" data-widget_type=\"text-editor.default\">\n\t\t\t\t<div class=\"elementor-widget-container\">\n\t\t\t\t\t\t\t\t\t<p class=\"translation-block\">The nutrition practice offers a holistic approach that integrates the body, emotions and mind, enabling people to relearn how to eat mindfully.\nThis method helps to establish a healthier relationship with food, taking into account not only physical needs, but also the emotional and mental aspects of eating.<br>\nWhether you're looking to lose weight, improve your general health, or simply adopt better eating habits.<br>\nConsultations are done <strong>in person<\/strong> at my office in Geneva (Meyrin), or by <strong>Videoconference<\/strong>.<\/p>\t\t\t\t\t\t\t\t<\/div>\n\t\t\t\t<\/div>\n\t\t\t\t<div class=\"elementor-element elementor-element-5a33133 elementor-widget elementor-widget-heading\" data-id=\"5a33133\" data-element_type=\"widget\" data-widget_type=\"heading.default\">\n\t\t\t\t<div class=\"elementor-widget-container\">\n\t\t\t\t\t<h2 class=\"elementor-heading-title elementor-size-default\">Consulting addresses<\/h2>\t\t\t\t<\/div>\n\t\t\t\t<\/div>\n\t\t\t\t<div class=\"elementor-element elementor-element-f722de9 elementor-widget elementor-widget-heading\" data-id=\"f722de9\" data-element_type=\"widget\" data-widget_type=\"heading.default\">\n\t\t\t\t<div class=\"elementor-widget-container\">\n\t\t\t\t\t<h3 class=\"elementor-heading-title elementor-size-default\">Gen\u00e8ve<\/h3>\t\t\t\t<\/div>\n\t\t\t\t<\/div>\n\t\t\t\t<div class=\"elementor-element elementor-element-f0994f6 elementor-widget elementor-widget-text-editor\" data-id=\"f0994f6\" data-element_type=\"widget\" data-widget_type=\"text-editor.default\">\n\t\t\t\t<div class=\"elementor-widget-container\">\n\t\t\t\t\t\t\t\t\t<p>Centre Artemis<br \/>Chem. Antoine-Verch\u00e8re 6<br \/>1217 Meyrin<\/p>\t\t\t\t\t\t\t\t<\/div>\n\t\t\t\t<\/div>\n\t\t\t\t<div class=\"elementor-element elementor-element-19881a3 elementor-widget elementor-widget-heading\" data-id=\"19881a3\" data-element_type=\"widget\" data-widget_type=\"heading.default\">\n\t\t\t\t<div class=\"elementor-widget-container\">\n\t\t\t\t\t<h2 class=\"elementor-heading-title elementor-size-default\">The first appointment<\/h2>\t\t\t\t<\/div>\n\t\t\t\t<\/div>\n\t\t\t\t<div class=\"elementor-element elementor-element-4a2d1f5 elementor-widget elementor-widget-text-editor\" data-id=\"4a2d1f5\" data-element_type=\"widget\" data-widget_type=\"text-editor.default\">\n\t\t\t\t<div class=\"elementor-widget-container\">\n\t\t\t\t\t\t\t\t\t<p class=\"translation-block\">Together, we'll draw up a dietary assessment based on a complete health history, and define your objectives. You'll be given initial advice that's easy to apply.<br>\nDuration: 1h30<\/p>\t\t\t\t\t\t\t\t<\/div>\n\t\t\t\t<\/div>\n\t\t\t\t<div class=\"elementor-element elementor-element-05f4954 elementor-widget elementor-widget-heading\" data-id=\"05f4954\" data-element_type=\"widget\" data-widget_type=\"heading.default\">\n\t\t\t\t<div class=\"elementor-widget-container\">\n\t\t\t\t\t<h3 class=\"elementor-heading-title elementor-size-default\">Tarif<\/h3>\t\t\t\t<\/div>\n\t\t\t\t<\/div>\n\t\t\t\t<div class=\"elementor-element elementor-element-839b019 elementor-widget elementor-widget-text-editor\" data-id=\"839b019\" data-element_type=\"widget\" data-widget_type=\"text-editor.default\">\n\t\t\t\t<div class=\"elementor-widget-container\">\n\t\t\t\t\t\t\t\t\t<p>\u2022 150.- CHF<\/p>\t\t\t\t\t\t\t\t<\/div>\n\t\t\t\t<\/div>\n\t\t\t\t<div class=\"elementor-element elementor-element-1cf3157 elementor-widget elementor-widget-heading\" data-id=\"1cf3157\" data-element_type=\"widget\" data-widget_type=\"heading.default\">\n\t\t\t\t<div class=\"elementor-widget-container\">\n\t\t\t\t\t<h2 class=\"elementor-heading-title elementor-size-default\">Follow-up appointment<\/h2>\t\t\t\t<\/div>\n\t\t\t\t<\/div>\n\t\t\t\t<div class=\"elementor-element elementor-element-c85918d elementor-widget elementor-widget-text-editor\" data-id=\"c85918d\" data-element_type=\"widget\" data-widget_type=\"text-editor.default\">\n\t\t\t\t<div class=\"elementor-widget-container\">\n\t\t\t\t\t\t\t\t\t<p class=\"translation-block\">We will monitor the progress of your treatment and, depending on how you feel, adapt the follow-up.<br>\nDuration: 1h<\/p>\t\t\t\t\t\t\t\t<\/div>\n\t\t\t\t<\/div>\n\t\t\t\t<div class=\"elementor-element elementor-element-e4518bc elementor-widget elementor-widget-heading\" data-id=\"e4518bc\" data-element_type=\"widget\" data-widget_type=\"heading.default\">\n\t\t\t\t<div class=\"elementor-widget-container\">\n\t\t\t\t\t<h3 class=\"elementor-heading-title elementor-size-default\">Tarif<\/h3>\t\t\t\t<\/div>\n\t\t\t\t<\/div>\n\t\t\t\t<div class=\"elementor-element elementor-element-d16ce68 elementor-widget elementor-widget-text-editor\" data-id=\"d16ce68\" data-element_type=\"widget\" data-widget_type=\"text-editor.default\">\n\t\t\t\t<div class=\"elementor-widget-container\">\n\t\t\t\t\t\t\t\t\t<p>\u2022 130.- CHF<\/p>\t\t\t\t\t\t\t\t<\/div>\n\t\t\t\t<\/div>\n\t\t\t\t<div class=\"elementor-element elementor-element-aac5313 elementor-widget elementor-widget-button\" data-id=\"aac5313\" data-element_type=\"widget\" data-widget_type=\"button.default\">\n\t\t\t\t<div class=\"elementor-widget-container\">\n\t\t\t\t\t\t\t\t\t<div class=\"elementor-button-wrapper\">\n\t\t\t\t\t<a class=\"elementor-button elementor-button-link elementor-size-md\" href=\"https:\/\/foodforsoulnutrition.com\/en\/contact-et-paiement\/\">\n\t\t\t\t\t\t<span class=\"elementor-button-content-wrapper\">\n\t\t\t\t\t\t\t\t\t<span class=\"elementor-button-text\">Book an appointment<\/span>\n\t\t\t\t\t<\/span>\n\t\t\t\t\t<\/a>\n\t\t\t\t<\/div>\n\t\t\t\t\t\t\t\t<\/div>\n\t\t\t\t<\/div>\n\t\t\t\t<\/div>\n\t\t<div class=\"elementor-element elementor-element-77fc2ba e-con-full e-flex e-con e-child\" data-id=\"77fc2ba\" data-element_type=\"container\">\n\t\t\t\t<div class=\"elementor-element elementor-element-fbf0445 elementor-widget elementor-widget-image\" data-id=\"fbf0445\" data-element_type=\"widget\" data-widget_type=\"image.default\">\n\t\t\t\t<div class=\"elementor-widget-container\">\n\t\t\t\t\t\t\t\t\t\t\t\t\t\t\t<img fetchpriority=\"high\" decoding=\"async\" width=\"758\" height=\"1010\" src=\"https:\/\/foodforsoulnutrition.com\/wp-content\/uploads\/2024\/09\/IMG_9865_light.jpg\" class=\"attachment-large size-large wp-image-2702\" alt=\"Agathe Willay - Food for Soul Nutrition - Nutritionniste et Nutrith\u00e9rapeute holistique agr\u00e9\u00e9e ASCA et RME - Gen\u00e8ve (Meyrin) et Pays de Gex - Photo Agathe Willay bureau\" srcset=\"https:\/\/foodforsoulnutrition.com\/wp-content\/uploads\/2024\/09\/IMG_9865_light.jpg 758w, https:\/\/foodforsoulnutrition.com\/wp-content\/uploads\/2024\/09\/IMG_9865_light-225x300.jpg 225w, https:\/\/foodforsoulnutrition.com\/wp-content\/uploads\/2024\/09\/IMG_9865_light-9x12.jpg 9w\" sizes=\"(max-width: 758px) 100vw, 758px\" \/>\t\t\t\t\t\t\t\t\t\t\t\t\t\t\t<\/div>\n\t\t\t\t<\/div>\n\t\t\t\t<div class=\"elementor-element elementor-element-a3df544 elementor-widget elementor-widget-text-editor\" data-id=\"a3df544\" data-element_type=\"widget\" data-widget_type=\"text-editor.default\">\n\t\t\t\t<div class=\"elementor-widget-container\">\n\t\t\t\t\t\t\t\t\t<p class=\"translation-block\"><em><strong>I'm ASCA and EMR accredited.<br>\nIf you are insured in Switzerland, you will be reimbursed by your supplementary insurance.<\/strong><\/em><\/p>\t\t\t\t\t\t\t\t<\/div>\n\t\t\t\t<\/div>\n\t\t<div class=\"elementor-element elementor-element-8e0cc16 e-grid e-con-full e-con e-child\" data-id=\"8e0cc16\" data-element_type=\"container\">\n\t\t\t\t<div class=\"elementor-element elementor-element-81df322 elementor-widget elementor-widget-image\" data-id=\"81df322\" data-element_type=\"widget\" data-widget_type=\"image.default\">\n\t\t\t\t<div class=\"elementor-widget-container\">\n\t\t\t\t\t\t\t\t\t\t\t\t\t\t\t<img decoding=\"async\" width=\"190\" height=\"95\" src=\"https:\/\/foodforsoulnutrition.com\/wp-content\/uploads\/2024\/11\/logo-asca.svg\" class=\"attachment-large size-large wp-image-2887\" alt=\"Agathe Willay - Food for Soul Nutrition - Nutritionniste et Nutrith\u00e9rapeute holistique agr\u00e9\u00e9e ASCA et RME - Gen\u00e8ve (Meyrin) et Pays de Gex - Logo ASCA\" \/>\t\t\t\t\t\t\t\t\t\t\t\t\t\t\t<\/div>\n\t\t\t\t<\/div>\n\t\t\t\t<div class=\"elementor-element elementor-element-ee7476f elementor-widget elementor-widget-image\" data-id=\"ee7476f\" data-element_type=\"widget\" data-widget_type=\"image.default\">\n\t\t\t\t<div class=\"elementor-widget-container\">\n\t\t\t\t\t\t\t\t\t\t\t\t\t\t\t<img decoding=\"async\" width=\"430\" height=\"240\" src=\"https:\/\/foodforsoulnutrition.com\/wp-content\/uploads\/2024\/11\/logo_n.svg\" class=\"attachment-large size-large wp-image-2890\" alt=\"Agathe Willay - Food for Soul Nutrition - Nutritionniste et Nutrith\u00e9rapeute holistique agr\u00e9\u00e9e ASCA et RME - Gen\u00e8ve (Meyrin) et Pays de Gex - logo EMR\" \/>\t\t\t\t\t\t\t\t\t\t\t\t\t\t\t<\/div>\n\t\t\t\t<\/div>\n\t\t\t\t<div class=\"elementor-element elementor-element-b7ac6b2 elementor-align-center elementor-tablet-align-center elementor-mobile-align-center elementor-widget elementor-widget-button\" data-id=\"b7ac6b2\" data-element_type=\"widget\" data-widget_type=\"button.default\">\n\t\t\t\t<div class=\"elementor-widget-container\">\n\t\t\t\t\t\t\t\t\t<div class=\"elementor-button-wrapper\">\n\t\t\t\t\t<a class=\"elementor-button elementor-button-link elementor-size-xs\" href=\"https:\/\/www.asca.ch\/\" target=\"_blank\">\n\t\t\t\t\t\t<span class=\"elementor-button-content-wrapper\">\n\t\t\t\t\t\t\t\t\t<span class=\"elementor-button-text\">More about ASCA<\/span>\n\t\t\t\t\t<\/span>\n\t\t\t\t\t<\/a>\n\t\t\t\t<\/div>\n\t\t\t\t\t\t\t\t<\/div>\n\t\t\t\t<\/div>\n\t\t\t\t<div class=\"elementor-element elementor-element-493e215 elementor-align-center elementor-tablet-align-center elementor-mobile-align-center elementor-widget elementor-widget-button\" data-id=\"493e215\" data-element_type=\"widget\" data-widget_type=\"button.default\">\n\t\t\t\t<div class=\"elementor-widget-container\">\n\t\t\t\t\t\t\t\t\t<div class=\"elementor-button-wrapper\">\n\t\t\t\t\t<a class=\"elementor-button elementor-button-link elementor-size-xs\" href=\"https:\/\/emr.ch\/fr\/label_de_qualite\" target=\"_blank\">\n\t\t\t\t\t\t<span class=\"elementor-button-content-wrapper\">\n\t\t\t\t\t\t\t\t\t<span class=\"elementor-button-text\">More about EMR<\/span>\n\t\t\t\t\t<\/span>\n\t\t\t\t\t<\/a>\n\t\t\t\t<\/div>\n\t\t\t\t\t\t\t\t<\/div>\n\t\t\t\t<\/div>\n\t\t\t\t<\/div>\n\t\t\t\t<\/div>\n\t\t\t\t\t<\/div>\n\t\t\t\t<\/div>\n\t\t\t\t<\/div>","protected":false},"excerpt":{"rendered":"<p>Consultations Le cabinet de nutrition offre une approche holistique qui int\u00e8gre le corps, les \u00e9motions et l\u2019esprit, permettant de r\u00e9apprendre \u00e0 se nourrir en pleine conscience. Cette m\u00e9thode aide \u00e0 \u00e9tablir une relation plus saine avec la nourriture, en prenant en compte non seulement les besoins physiques, mais aussi les aspects \u00e9motionnels et mentaux de [&hellip;]<\/p>\n","protected":false},"author":1,"featured_media":0,"parent":0,"menu_order":0,"comment_status":"closed","ping_status":"closed","template":"","meta":{"ocean_post_layout":"full-width","ocean_both_sidebars_style":"","ocean_both_sidebars_content_width":0,"ocean_both_sidebars_sidebars_width":0,"ocean_sidebar":"0","ocean_second_sidebar":"0","ocean_disable_margins":"enable","ocean_add_body_class":"","ocean_shortcode_before_top_bar":"","ocean_shortcode_after_top_bar":"","ocean_shortcode_before_header":"","ocean_shortcode_after_header":"","ocean_has_shortcode":"","ocean_shortcode_after_title":"","ocean_shortcode_before_footer_widgets":"","ocean_shortcode_after_footer_widgets":"","ocean_shortcode_before_footer_bottom":"","ocean_shortcode_after_footer_bottom":"","ocean_display_top_bar":"default","ocean_display_header":"default","ocean_header_style":"","ocean_center_header_left_menu":"0","ocean_custom_header_template":"0","ocean_custom_logo":0,"ocean_custom_retina_logo":0,"ocean_custom_logo_max_width":0,"ocean_custom_logo_tablet_max_width":0,"ocean_custom_logo_mobile_max_width":0,"ocean_custom_logo_max_height":0,"ocean_custom_logo_tablet_max_height":0,"ocean_custom_logo_mobile_max_height":0,"ocean_header_custom_menu":"0","ocean_menu_typo_font_family":"0","ocean_menu_typo_font_subset":"","ocean_menu_typo_font_size":0,"ocean_menu_typo_font_size_tablet":0,"ocean_menu_typo_font_size_mobile":0,"ocean_menu_typo_font_size_unit":"px","ocean_menu_typo_font_weight":"","ocean_menu_typo_font_weight_tablet":"","ocean_menu_typo_font_weight_mobile":"","ocean_menu_typo_transform":"","ocean_menu_typo_transform_tablet":"","ocean_menu_typo_transform_mobile":"","ocean_menu_typo_line_height":0,"ocean_menu_typo_line_height_tablet":0,"ocean_menu_typo_line_height_mobile":0,"ocean_menu_typo_line_height_unit":"","ocean_menu_typo_spacing":0,"ocean_menu_typo_spacing_tablet":0,"ocean_menu_typo_spacing_mobile":0,"ocean_menu_typo_spacing_unit":"","ocean_menu_link_color":"","ocean_menu_link_color_hover":"","ocean_menu_link_color_active":"","ocean_menu_link_background":"","ocean_menu_link_hover_background":"","ocean_menu_link_active_background":"","ocean_menu_social_links_bg":"","ocean_menu_social_hover_links_bg":"","ocean_menu_social_links_color":"","ocean_menu_social_hover_links_color":"","ocean_disable_title":"default","ocean_disable_heading":"default","ocean_post_title":"","ocean_post_subheading":"","ocean_post_title_style":"","ocean_post_title_background_color":"","ocean_post_title_background":0,"ocean_post_title_bg_image_position":"","ocean_post_title_bg_image_attachment":"","ocean_post_title_bg_image_repeat":"","ocean_post_title_bg_image_size":"","ocean_post_title_height":0,"ocean_post_title_bg_overlay":0.5,"ocean_post_title_bg_overlay_color":"","ocean_disable_breadcrumbs":"default","ocean_breadcrumbs_color":"","ocean_breadcrumbs_separator_color":"","ocean_breadcrumbs_links_color":"","ocean_breadcrumbs_links_hover_color":"","ocean_display_footer_widgets":"default","ocean_display_footer_bottom":"default","ocean_custom_footer_template":"0","footnotes":""},"class_list":["post-20","page","type-page","status-publish","hentry","entry"],"yoast_head":"<!-- This site is optimized with the Yoast SEO plugin v27.1.1 - https:\/\/yoast.com\/product\/yoast-seo-wordpress\/ -->\n<title>Consultations - Food for Soul Nutrition<\/title>\n<meta name=\"robots\" content=\"index, follow, max-snippet:-1, max-image-preview:large, max-video-preview:-1\" \/>\n<link rel=\"canonical\" href=\"https:\/\/foodforsoulnutrition.com\/en\/consultations\/\" \/>\n<meta property=\"og:locale\" content=\"en_US\" \/>\n<meta property=\"og:type\" content=\"article\" \/>\n<meta property=\"og:title\" content=\"Consultations - Food for Soul Nutrition\" \/>\n<meta property=\"og:description\" content=\"Consultations Le cabinet de nutrition offre une approche holistique qui int\u00e8gre le corps, les \u00e9motions et l\u2019esprit, permettant de r\u00e9apprendre \u00e0 se nourrir en pleine conscience. Cette m\u00e9thode aide \u00e0 \u00e9tablir une relation plus saine avec la nourriture, en prenant en compte non seulement les besoins physiques, mais aussi les aspects \u00e9motionnels et mentaux de [&hellip;]\" \/>\n<meta property=\"og:url\" content=\"https:\/\/foodforsoulnutrition.com\/en\/consultations\/\" \/>\n<meta property=\"og:site_name\" content=\"Food for Soul Nutrition\" \/>\n<meta property=\"article:modified_time\" content=\"2025-12-31T16:42:16+00:00\" \/>\n<meta property=\"og:image\" content=\"https:\/\/foodforsoulnutrition.com\/wp-content\/uploads\/2024\/09\/IMG_9865_light.jpg\" \/>\n\t<meta property=\"og:image:width\" content=\"758\" \/>\n\t<meta property=\"og:image:height\" content=\"1010\" \/>\n\t<meta property=\"og:image:type\" content=\"image\/jpeg\" \/>\n<meta name=\"twitter:card\" content=\"summary_large_image\" \/>\n<meta name=\"twitter:label1\" content=\"Est. reading time\" \/>\n\t<meta name=\"twitter:data1\" content=\"2 minutes\" \/>\n<script type=\"application\/ld+json\" class=\"yoast-schema-graph\">{\"@context\":\"https:\/\/schema.org\",\"@graph\":[{\"@type\":\"WebPage\",\"@id\":\"https:\/\/foodforsoulnutrition.com\/consultations\/\",\"url\":\"https:\/\/foodforsoulnutrition.com\/consultations\/\",\"name\":\"Consultations - Food for Soul Nutrition\",\"isPartOf\":{\"@id\":\"https:\/\/foodforsoulnutrition.com\/#website\"},\"primaryImageOfPage\":{\"@id\":\"https:\/\/foodforsoulnutrition.com\/consultations\/#primaryimage\"},\"image\":{\"@id\":\"https:\/\/foodforsoulnutrition.com\/consultations\/#primaryimage\"},\"thumbnailUrl\":\"https:\/\/foodforsoulnutrition.com\/wp-content\/uploads\/2024\/09\/IMG_9865_light.jpg\",\"datePublished\":\"2023-08-03T17:13:31+00:00\",\"dateModified\":\"2025-12-31T16:42:16+00:00\",\"breadcrumb\":{\"@id\":\"https:\/\/foodforsoulnutrition.com\/consultations\/#breadcrumb\"},\"inLanguage\":\"en-US\",\"potentialAction\":[{\"@type\":\"ReadAction\",\"target\":[\"https:\/\/foodforsoulnutrition.com\/consultations\/\"]}]},{\"@type\":\"ImageObject\",\"inLanguage\":\"en-US\",\"@id\":\"https:\/\/foodforsoulnutrition.com\/consultations\/#primaryimage\",\"url\":\"https:\/\/foodforsoulnutrition.com\/wp-content\/uploads\/2024\/09\/IMG_9865_light.jpg\",\"contentUrl\":\"https:\/\/foodforsoulnutrition.com\/wp-content\/uploads\/2024\/09\/IMG_9865_light.jpg\"},{\"@type\":\"BreadcrumbList\",\"@id\":\"https:\/\/foodforsoulnutrition.com\/consultations\/#breadcrumb\",\"itemListElement\":[{\"@type\":\"ListItem\",\"position\":1,\"name\":\"Accueil\",\"item\":\"https:\/\/foodforsoulnutrition.com\/\"},{\"@type\":\"ListItem\",\"position\":2,\"name\":\"Consultations\"}]},{\"@type\":\"WebSite\",\"@id\":\"https:\/\/foodforsoulnutrition.com\/#website\",\"url\":\"https:\/\/foodforsoulnutrition.com\/\",\"name\":\"Food for Soul Nutrition\",\"description\":\"Agathe Willay, Nutritionniste et Nutrith\u00e9rapeute Holistique\",\"publisher\":{\"@id\":\"https:\/\/foodforsoulnutrition.com\/#\/schema\/person\/e5bd885c1fd661e68baee476f4d7e228\"},\"potentialAction\":[{\"@type\":\"SearchAction\",\"target\":{\"@type\":\"EntryPoint\",\"urlTemplate\":\"https:\/\/foodforsoulnutrition.com\/?s={search_term_string}\"},\"query-input\":{\"@type\":\"PropertyValueSpecification\",\"valueRequired\":true,\"valueName\":\"search_term_string\"}}],\"inLanguage\":\"en-US\"},{\"@type\":[\"Person\",\"Organization\"],\"@id\":\"https:\/\/foodforsoulnutrition.com\/#\/schema\/person\/e5bd885c1fd661e68baee476f4d7e228\",\"name\":\"Admin\",\"image\":{\"@type\":\"ImageObject\",\"inLanguage\":\"en-US\",\"@id\":\"https:\/\/foodforsoulnutrition.com\/#\/schema\/person\/image\/\",\"url\":\"https:\/\/foodforsoulnutrition.com\/wp-content\/uploads\/2023\/08\/avatar.jpg\",\"contentUrl\":\"https:\/\/foodforsoulnutrition.com\/wp-content\/uploads\/2023\/08\/avatar.jpg\",\"width\":537,\"height\":537,\"caption\":\"Admin\"},\"logo\":{\"@id\":\"https:\/\/foodforsoulnutrition.com\/#\/schema\/person\/image\/\"},\"sameAs\":[\"https:\/\/foodforsoulnutrition.com\"]}]}<\/script>\n<!-- \/ Yoast SEO plugin. -->","yoast_head_json":{"title":"Consultations - Food for Soul Nutrition","robots":{"index":"index","follow":"follow","max-snippet":"max-snippet:-1","max-image-preview":"max-image-preview:large","max-video-preview":"max-video-preview:-1"},"canonical":"https:\/\/foodforsoulnutrition.com\/en\/consultations\/","og_locale":"en_US","og_type":"article","og_title":"Consultations - Food for Soul Nutrition","og_description":"Consultations Le cabinet de nutrition offre une approche holistique qui int\u00e8gre le corps, les \u00e9motions et l\u2019esprit, permettant de r\u00e9apprendre \u00e0 se nourrir en pleine conscience. Cette m\u00e9thode aide \u00e0 \u00e9tablir une relation plus saine avec la nourriture, en prenant en compte non seulement les besoins physiques, mais aussi les aspects \u00e9motionnels et mentaux de [&hellip;]","og_url":"https:\/\/foodforsoulnutrition.com\/en\/consultations\/","og_site_name":"Food for Soul Nutrition","article_modified_time":"2025-12-31T16:42:16+00:00","og_image":[{"width":758,"height":1010,"url":"https:\/\/foodforsoulnutrition.com\/wp-content\/uploads\/2024\/09\/IMG_9865_light.jpg","type":"image\/jpeg"}],"twitter_card":"summary_large_image","twitter_misc":{"Est. reading time":"2 minutes"},"schema":{"@context":"https:\/\/schema.org","@graph":[{"@type":"WebPage","@id":"https:\/\/foodforsoulnutrition.com\/consultations\/","url":"https:\/\/foodforsoulnutrition.com\/consultations\/","name":"Consultations - Food for Soul Nutrition","isPartOf":{"@id":"https:\/\/foodforsoulnutrition.com\/#website"},"primaryImageOfPage":{"@id":"https:\/\/foodforsoulnutrition.com\/consultations\/#primaryimage"},"image":{"@id":"https:\/\/foodforsoulnutrition.com\/consultations\/#primaryimage"},"thumbnailUrl":"https:\/\/foodforsoulnutrition.com\/wp-content\/uploads\/2024\/09\/IMG_9865_light.jpg","datePublished":"2023-08-03T17:13:31+00:00","dateModified":"2025-12-31T16:42:16+00:00","breadcrumb":{"@id":"https:\/\/foodforsoulnutrition.com\/consultations\/#breadcrumb"},"inLanguage":"en-US","potentialAction":[{"@type":"ReadAction","target":["https:\/\/foodforsoulnutrition.com\/consultations\/"]}]},{"@type":"ImageObject","inLanguage":"en-US","@id":"https:\/\/foodforsoulnutrition.com\/consultations\/#primaryimage","url":"https:\/\/foodforsoulnutrition.com\/wp-content\/uploads\/2024\/09\/IMG_9865_light.jpg","contentUrl":"https:\/\/foodforsoulnutrition.com\/wp-content\/uploads\/2024\/09\/IMG_9865_light.jpg"},{"@type":"BreadcrumbList","@id":"https:\/\/foodforsoulnutrition.com\/consultations\/#breadcrumb","itemListElement":[{"@type":"ListItem","position":1,"name":"Accueil","item":"https:\/\/foodforsoulnutrition.com\/"},{"@type":"ListItem","position":2,"name":"Consultations"}]},{"@type":"WebSite","@id":"https:\/\/foodforsoulnutrition.com\/#website","url":"https:\/\/foodforsoulnutrition.com\/","name":"Food for Soul Nutrition","description":"Agathe Willay, Nutritionniste et Nutrith\u00e9rapeute Holistique","publisher":{"@id":"https:\/\/foodforsoulnutrition.com\/#\/schema\/person\/e5bd885c1fd661e68baee476f4d7e228"},"potentialAction":[{"@type":"SearchAction","target":{"@type":"EntryPoint","urlTemplate":"https:\/\/foodforsoulnutrition.com\/?s={search_term_string}"},"query-input":{"@type":"PropertyValueSpecification","valueRequired":true,"valueName":"search_term_string"}}],"inLanguage":"en-US"},{"@type":["Person","Organization"],"@id":"https:\/\/foodforsoulnutrition.com\/#\/schema\/person\/e5bd885c1fd661e68baee476f4d7e228","name":"Admin","image":{"@type":"ImageObject","inLanguage":"en-US","@id":"https:\/\/foodforsoulnutrition.com\/#\/schema\/person\/image\/","url":"https:\/\/foodforsoulnutrition.com\/wp-content\/uploads\/2023\/08\/avatar.jpg","contentUrl":"https:\/\/foodforsoulnutrition.com\/wp-content\/uploads\/2023\/08\/avatar.jpg","width":537,"height":537,"caption":"Admin"},"logo":{"@id":"https:\/\/foodforsoulnutrition.com\/#\/schema\/person\/image\/"},"sameAs":["https:\/\/foodforsoulnutrition.com"]}]}},"_links":{"self":[{"href":"https:\/\/foodforsoulnutrition.com\/en\/wp-json\/wp\/v2\/pages\/20","targetHints":{"allow":["GET"]}}],"collection":[{"href":"https:\/\/foodforsoulnutrition.com\/en\/wp-json\/wp\/v2\/pages"}],"about":[{"href":"https:\/\/foodforsoulnutrition.com\/en\/wp-json\/wp\/v2\/types\/page"}],"author":[{"embeddable":true,"href":"https:\/\/foodforsoulnutrition.com\/en\/wp-json\/wp\/v2\/users\/1"}],"replies":[{"embeddable":true,"href":"https:\/\/foodforsoulnutrition.com\/en\/wp-json\/wp\/v2\/comments?post=20"}],"version-history":[{"count":390,"href":"https:\/\/foodforsoulnutrition.com\/en\/wp-json\/wp\/v2\/pages\/20\/revisions"}],"predecessor-version":[{"id":5736,"href":"https:\/\/foodforsoulnutrition.com\/en\/wp-json\/wp\/v2\/pages\/20\/revisions\/5736"}],"wp:attachment":[{"href":"https:\/\/foodforsoulnutrition.com\/en\/wp-json\/wp\/v2\/media?parent=20"}],"curies":[{"name":"wp","href":"https:\/\/api.w.org\/{rel}","templated":true}]}}