{"id":3,"date":"2023-08-03T16:39:43","date_gmt":"2023-08-03T14:39:43","guid":{"rendered":"https:\/\/foodforsoulnutrition.com\/?page_id=3"},"modified":"2024-12-18T16:18:18","modified_gmt":"2024-12-18T15:18:18","slug":"mentions-legales","status":"publish","type":"page","link":"https:\/\/foodforsoulnutrition.com\/en\/mentions-legales\/","title":{"rendered":"Terms of use"},"content":{"rendered":"<div data-elementor-type=\"wp-page\" data-elementor-id=\"3\" class=\"elementor elementor-3\" data-elementor-post-type=\"page\">\n\t\t\t\t<div class=\"elementor-element elementor-element-707a97e e-flex e-con-boxed e-con e-parent\" data-id=\"707a97e\" data-element_type=\"container\" data-settings=\"{&quot;background_background&quot;:&quot;classic&quot;}\">\n\t\t\t\t\t<div class=\"e-con-inner\">\n\t\t\t\t\t<\/div>\n\t\t\t\t<\/div>\n\t\t<div class=\"elementor-element elementor-element-778f07e e-flex e-con-boxed e-con e-parent\" data-id=\"778f07e\" data-element_type=\"container\">\n\t\t\t\t\t<div class=\"e-con-inner\">\n\t\t\t\t<div class=\"elementor-element elementor-element-5d5a4ac elementor-widget elementor-widget-heading\" data-id=\"5d5a4ac\" data-element_type=\"widget\" data-widget_type=\"heading.default\">\n\t\t\t\t<div class=\"elementor-widget-container\">\n\t\t\t\t\t<h1 class=\"elementor-heading-title elementor-size-default\">Terms of use<\/h1>\t\t\t\t<\/div>\n\t\t\t\t<\/div>\n\t\t\t\t<div class=\"elementor-element elementor-element-0e819fb elementor-widget elementor-widget-text-editor\" data-id=\"0e819fb\" data-element_type=\"widget\" data-widget_type=\"text-editor.default\">\n\t\t\t\t<div class=\"elementor-widget-container\">\n\t\t\t\t\t\t\t\t\t<div id=\"TheTexte\" class=\"Texte translation-block\" lang=\"zxx\">Proper use of this site and the information it contains. Persons accessing information made available by Agathe Willay through her website \"<strong>foodforsoulnutrition.com<\/strong>\" accept the following conditions:<\/div>\t\t\t\t\t\t\t\t<\/div>\n\t\t\t\t<\/div>\n\t\t\t\t<div class=\"elementor-element elementor-element-3177aa9 elementor-widget elementor-widget-heading\" data-id=\"3177aa9\" data-element_type=\"widget\" data-widget_type=\"heading.default\">\n\t\t\t\t<div class=\"elementor-widget-container\">\n\t\t\t\t\t<h2 class=\"elementor-heading-title elementor-size-default\">Copyright<\/h2>\t\t\t\t<\/div>\n\t\t\t\t<\/div>\n\t\t\t\t<div class=\"elementor-element elementor-element-501492e elementor-widget elementor-widget-text-editor\" data-id=\"501492e\" data-element_type=\"widget\" data-widget_type=\"text-editor.default\">\n\t\t\t\t<div class=\"elementor-widget-container\">\n\t\t\t\t\t\t\t\t\t<p class=\"translation-block\">The entire content of the \"<strong>foodforsoulnutrition.com<\/strong>\" website is covered by copyright. Agathe Willay holds all rights. Reproduction of resources, in whole or in part, in any written or electronic form, is authorized only with explicit mention of \"<strong>foodforsoulnutrition.com<\/strong>\".<\/p>\t\t\t\t\t\t\t\t<\/div>\n\t\t\t\t<\/div>\n\t\t\t\t<div class=\"elementor-element elementor-element-3774163 elementor-widget elementor-widget-heading\" data-id=\"3774163\" data-element_type=\"widget\" data-widget_type=\"heading.default\">\n\t\t\t\t<div class=\"elementor-widget-container\">\n\t\t\t\t\t<h2 class=\"elementor-heading-title elementor-size-default\">Ownership of the \"foodforsoulnutrition.com\" website and trademark rights<\/h2>\t\t\t\t<\/div>\n\t\t\t\t<\/div>\n\t\t\t\t<div class=\"elementor-element elementor-element-a246794 elementor-widget elementor-widget-text-editor\" data-id=\"a246794\" data-element_type=\"widget\" data-widget_type=\"text-editor.default\">\n\t\t\t\t<div class=\"elementor-widget-container\">\n\t\t\t\t\t\t\t\t\t<p class=\"translation-block\">The \"<strong>Food For Soul Nutrition<\/strong>\" name and logos are registered and protected trademarks. Nothing contained on the website is intended to constitute a license or right to use any image, registered trademark or logo. Agathe Willay reserves all rights relating to the elements of its site, with the exception of rights held by third parties. Some photos come from the Freepik.com website and are the property of their authors.<\/p>\t\t\t\t\t\t\t\t<\/div>\n\t\t\t\t<\/div>\n\t\t\t\t<div class=\"elementor-element elementor-element-eb71922 elementor-widget elementor-widget-heading\" data-id=\"eb71922\" data-element_type=\"widget\" data-widget_type=\"heading.default\">\n\t\t\t\t<div class=\"elementor-widget-container\">\n\t\t\t\t\t<h2 class=\"elementor-heading-title elementor-size-default\">Liability exclusion<\/h2>\t\t\t\t<\/div>\n\t\t\t\t<\/div>\n\t\t\t\t<div class=\"elementor-element elementor-element-a454e0e elementor-widget elementor-widget-text-editor\" data-id=\"a454e0e\" data-element_type=\"widget\" data-widget_type=\"text-editor.default\">\n\t\t\t\t<div class=\"elementor-widget-container\">\n\t\t\t\t\t\t\t\t\t<p class=\"translation-block\">The information published on the \"<strong>foodforsoulnutrition.com<\/strong>\" website particularly those relating to prices, is provided for information purposes only. Agathe Willay does not guarantee the accuracy or completeness of the information contained on the site. She reserves the right to modify it at any time and without notice. Consequently, Agathe Willay accepts no liability for any direct, indirect or consequential damage that may result from access to the resources and information on the website, from their use or from the impossibility of accessing them.<\/p>\t\t\t\t\t\t\t\t<\/div>\n\t\t\t\t<\/div>\n\t\t\t\t<div class=\"elementor-element elementor-element-a822aed elementor-widget elementor-widget-heading\" data-id=\"a822aed\" data-element_type=\"widget\" data-widget_type=\"heading.default\">\n\t\t\t\t<div class=\"elementor-widget-container\">\n\t\t\t\t\t<h2 class=\"elementor-heading-title elementor-size-default\">Transmission of electronic messages and forms<\/h2>\t\t\t\t<\/div>\n\t\t\t\t<\/div>\n\t\t\t\t<div class=\"elementor-element elementor-element-37304b8 elementor-widget elementor-widget-text-editor\" data-id=\"37304b8\" data-element_type=\"widget\" data-widget_type=\"text-editor.default\">\n\t\t\t\t<div class=\"elementor-widget-container\">\n\t\t\t\t\t\t\t\t\t<p>The transmission of application forms is protected by encryption. Please note, however, that electronic messages (e-mails) and certain forms circulating on the network are not encrypted, and there is therefore a risk that the data transmitted may be intercepted and consulted by unauthorized third parties.<\/p>\t\t\t\t\t\t\t\t<\/div>\n\t\t\t\t<\/div>\n\t\t\t\t<div class=\"elementor-element elementor-element-3fd466b elementor-widget elementor-widget-heading\" data-id=\"3fd466b\" data-element_type=\"widget\" data-widget_type=\"heading.default\">\n\t\t\t\t<div class=\"elementor-widget-container\">\n\t\t\t\t\t<h2 class=\"elementor-heading-title elementor-size-default\">Data protection<\/h2>\t\t\t\t<\/div>\n\t\t\t\t<\/div>\n\t\t\t\t<div class=\"elementor-element elementor-element-85f930b elementor-widget elementor-widget-text-editor\" data-id=\"85f930b\" data-element_type=\"widget\" data-widget_type=\"text-editor.default\">\n\t\t\t\t<div class=\"elementor-widget-container\">\n\t\t\t\t\t\t\t\t\t<p>Personal data is treated as strictly confidential. When we receive personal data, it is never passed on to third parties, but only used for the purposes indicated. Registration gives Agathe Willay the opportunity to collect information such as first name, surname, postal address, e-mail address, telephone number, cell phone number. Agathe Willay reserves the right to record the data of any person who sends an e-mail (electronic mail or e-mail), in particular in order to be able to reply or to inform him\/her of the follow-up of his\/her request. Agathe Willay does not pass on any personal data it holds to third parties for any reason whatsoever and in any form whatsoever.<\/p>\t\t\t\t\t\t\t\t<\/div>\n\t\t\t\t<\/div>\n\t\t\t\t<div class=\"elementor-element elementor-element-4e74b45 elementor-widget elementor-widget-heading\" data-id=\"4e74b45\" data-element_type=\"widget\" data-widget_type=\"heading.default\">\n\t\t\t\t<div class=\"elementor-widget-container\">\n\t\t\t\t\t<h2 class=\"elementor-heading-title elementor-size-default\">Cookie Usage<\/h2>\t\t\t\t<\/div>\n\t\t\t\t<\/div>\n\t\t\t\t<div class=\"elementor-element elementor-element-8abb4a7 elementor-widget elementor-widget-text-editor\" data-id=\"8abb4a7\" data-element_type=\"widget\" data-widget_type=\"text-editor.default\">\n\t\t\t\t<div class=\"elementor-widget-container\">\n\t\t\t\t\t\t\t\t\t<p class=\"translation-block\">\"<strong>foodforsoulnutrition.com<\/strong>\" may use cookies on its site in order to offer users a personalized welcome that takes into account their visiting habits and to keep track of their personal data. Cookies may also enable Agathe Willay to ensure the preventive security of its site and of user data (in particular by means of information relating to the server to which your computer is connected).<\/p>\t\t\t\t\t\t\t\t<\/div>\n\t\t\t\t<\/div>\n\t\t\t\t<div class=\"elementor-element elementor-element-2471478 elementor-widget elementor-widget-heading\" data-id=\"2471478\" data-element_type=\"widget\" data-widget_type=\"heading.default\">\n\t\t\t\t<div class=\"elementor-widget-container\">\n\t\t\t\t\t<h2 class=\"elementor-heading-title elementor-size-default\">Jurisdiction and applicable law<\/h2>\t\t\t\t<\/div>\n\t\t\t\t<\/div>\n\t\t\t\t<div class=\"elementor-element elementor-element-197b46c elementor-widget elementor-widget-text-editor\" data-id=\"197b46c\" data-element_type=\"widget\" data-widget_type=\"text-editor.default\">\n\t\t\t\t<div class=\"elementor-widget-container\">\n\t\t\t\t\t\t\t\t\t<p>The place of jurisdiction for any dispute relating to the site or arising from its use is France. French law is applicable.<\/p>\t\t\t\t\t\t\t\t<\/div>\n\t\t\t\t<\/div>\n\t\t\t\t<div class=\"elementor-element elementor-element-40beec0 elementor-widget elementor-widget-heading\" data-id=\"40beec0\" data-element_type=\"widget\" data-widget_type=\"heading.default\">\n\t\t\t\t<div class=\"elementor-widget-container\">\n\t\t\t\t\t<h2 class=\"elementor-heading-title elementor-size-default\">Contact address<\/h2>\t\t\t\t<\/div>\n\t\t\t\t<\/div>\n\t\t\t\t<div class=\"elementor-element elementor-element-50f055b elementor-widget elementor-widget-text-editor\" data-id=\"50f055b\" data-element_type=\"widget\" data-widget_type=\"text-editor.default\">\n\t\t\t\t<div class=\"elementor-widget-container\">\n\t\t\t\t\t\t\t\t\t<p>Pour tout renseignement sur le site \u00ab\u00a0<strong>foodforsoulnutrition.com<\/strong>\u00ab\u00a0, vous pouvez envoyer un courriel \u00e0 : foodforsoulnutrition@gmail.com<\/p>\t\t\t\t\t\t\t\t<\/div>\n\t\t\t\t<\/div>\n\t\t\t\t\t<\/div>\n\t\t\t\t<\/div>\n\t\t\t\t<\/div>","protected":false},"excerpt":{"rendered":"<p>Mentions l\u00e9gales Du bon usage de ce site et des informations qu\u2019il contient. Les personnes qui acc\u00e8dent aux informations mises \u00e0 disposition par Agathe Willay \u00e0 travers son site web \u00ab\u00a0foodforsoulnutrition.com\u00a0\u00bb acceptent les conditions suivantes : Copyright L\u2019ensemble du contenu du site web \u00ab\u00a0foodforsoulnutrition.com\u00a0\u00bb est couvert par le droit d\u2019auteur. Agathe Willay en d\u00e9tient tous [&hellip;]<\/p>\n","protected":false},"author":1,"featured_media":0,"parent":0,"menu_order":0,"comment_status":"closed","ping_status":"open","template":"","meta":{"ocean_post_layout":"","ocean_both_sidebars_style":"","ocean_both_sidebars_content_width":0,"ocean_both_sidebars_sidebars_width":0,"ocean_sidebar":"0","ocean_second_sidebar":"0","ocean_disable_margins":"enable","ocean_add_body_class":"","ocean_shortcode_before_top_bar":"","ocean_shortcode_after_top_bar":"","ocean_shortcode_before_header":"","ocean_shortcode_after_header":"","ocean_has_shortcode":"","ocean_shortcode_after_title":"","ocean_shortcode_before_footer_widgets":"","ocean_shortcode_after_footer_widgets":"","ocean_shortcode_before_footer_bottom":"","ocean_shortcode_after_footer_bottom":"","ocean_display_top_bar":"default","ocean_display_header":"default","ocean_header_style":"","ocean_center_header_left_menu":"0","ocean_custom_header_template":"0","ocean_custom_logo":0,"ocean_custom_retina_logo":0,"ocean_custom_logo_max_width":0,"ocean_custom_logo_tablet_max_width":0,"ocean_custom_logo_mobile_max_width":0,"ocean_custom_logo_max_height":0,"ocean_custom_logo_tablet_max_height":0,"ocean_custom_logo_mobile_max_height":0,"ocean_header_custom_menu":"0","ocean_menu_typo_font_family":"0","ocean_menu_typo_font_subset":"","ocean_menu_typo_font_size":0,"ocean_menu_typo_font_size_tablet":0,"ocean_menu_typo_font_size_mobile":0,"ocean_menu_typo_font_size_unit":"px","ocean_menu_typo_font_weight":"","ocean_menu_typo_font_weight_tablet":"","ocean_menu_typo_font_weight_mobile":"","ocean_menu_typo_transform":"","ocean_menu_typo_transform_tablet":"","ocean_menu_typo_transform_mobile":"","ocean_menu_typo_line_height":0,"ocean_menu_typo_line_height_tablet":0,"ocean_menu_typo_line_height_mobile":0,"ocean_menu_typo_line_height_unit":"","ocean_menu_typo_spacing":0,"ocean_menu_typo_spacing_tablet":0,"ocean_menu_typo_spacing_mobile":0,"ocean_menu_typo_spacing_unit":"","ocean_menu_link_color":"","ocean_menu_link_color_hover":"","ocean_menu_link_color_active":"","ocean_menu_link_background":"","ocean_menu_link_hover_background":"","ocean_menu_link_active_background":"","ocean_menu_social_links_bg":"","ocean_menu_social_hover_links_bg":"","ocean_menu_social_links_color":"","ocean_menu_social_hover_links_color":"","ocean_disable_title":"default","ocean_disable_heading":"default","ocean_post_title":"","ocean_post_subheading":"","ocean_post_title_style":"","ocean_post_title_background_color":"","ocean_post_title_background":0,"ocean_post_title_bg_image_position":"","ocean_post_title_bg_image_attachment":"","ocean_post_title_bg_image_repeat":"","ocean_post_title_bg_image_size":"","ocean_post_title_height":0,"ocean_post_title_bg_overlay":0.5,"ocean_post_title_bg_overlay_color":"","ocean_disable_breadcrumbs":"default","ocean_breadcrumbs_color":"","ocean_breadcrumbs_separator_color":"","ocean_breadcrumbs_links_color":"","ocean_breadcrumbs_links_hover_color":"","ocean_display_footer_widgets":"default","ocean_display_footer_bottom":"default","ocean_custom_footer_template":"0","footnotes":""},"class_list":["post-3","page","type-page","status-publish","hentry","entry"],"yoast_head":"<!-- This site is optimized with the Yoast SEO plugin v27.1.1 - https:\/\/yoast.com\/product\/yoast-seo-wordpress\/ -->\n<title>Mentions l\u00e9gales - Food for Soul Nutrition<\/title>\n<meta name=\"description\" content=\"Du bon usage de ce site et des informations qu\u2019il contient.\" \/>\n<meta name=\"robots\" content=\"index, follow, max-snippet:-1, max-image-preview:large, max-video-preview:-1\" \/>\n<link rel=\"canonical\" href=\"https:\/\/foodforsoulnutrition.com\/en\/mentions-legales\/\" \/>\n<meta property=\"og:locale\" content=\"en_US\" \/>\n<meta property=\"og:type\" content=\"article\" \/>\n<meta property=\"og:title\" content=\"Mentions l\u00e9gales - Food for Soul Nutrition\" \/>\n<meta property=\"og:description\" content=\"Du bon usage de ce site et des informations qu\u2019il contient.\" \/>\n<meta property=\"og:url\" content=\"https:\/\/foodforsoulnutrition.com\/en\/mentions-legales\/\" \/>\n<meta property=\"og:site_name\" content=\"Food for Soul Nutrition\" \/>\n<meta property=\"article:modified_time\" content=\"2024-12-18T15:18:18+00:00\" \/>\n<meta name=\"twitter:card\" content=\"summary_large_image\" \/>\n<meta name=\"twitter:label1\" content=\"Est. reading time\" \/>\n\t<meta name=\"twitter:data1\" content=\"3 minutes\" \/>\n<script type=\"application\/ld+json\" class=\"yoast-schema-graph\">{\"@context\":\"https:\/\/schema.org\",\"@graph\":[{\"@type\":\"WebPage\",\"@id\":\"https:\/\/foodforsoulnutrition.com\/mentions-legales\/\",\"url\":\"https:\/\/foodforsoulnutrition.com\/mentions-legales\/\",\"name\":\"Mentions l\u00e9gales - Food for Soul Nutrition\",\"isPartOf\":{\"@id\":\"https:\/\/foodforsoulnutrition.com\/#website\"},\"datePublished\":\"2023-08-03T14:39:43+00:00\",\"dateModified\":\"2024-12-18T15:18:18+00:00\",\"description\":\"Du bon usage de ce site et des informations qu\u2019il contient.\",\"breadcrumb\":{\"@id\":\"https:\/\/foodforsoulnutrition.com\/mentions-legales\/#breadcrumb\"},\"inLanguage\":\"en-US\",\"potentialAction\":[{\"@type\":\"ReadAction\",\"target\":[\"https:\/\/foodforsoulnutrition.com\/mentions-legales\/\"]}]},{\"@type\":\"BreadcrumbList\",\"@id\":\"https:\/\/foodforsoulnutrition.com\/mentions-legales\/#breadcrumb\",\"itemListElement\":[{\"@type\":\"ListItem\",\"position\":1,\"name\":\"Accueil\",\"item\":\"https:\/\/foodforsoulnutrition.com\/\"},{\"@type\":\"ListItem\",\"position\":2,\"name\":\"Mentions l\u00e9gales\"}]},{\"@type\":\"WebSite\",\"@id\":\"https:\/\/foodforsoulnutrition.com\/#website\",\"url\":\"https:\/\/foodforsoulnutrition.com\/\",\"name\":\"Food for Soul Nutrition\",\"description\":\"Agathe Willay, Nutritionniste et Nutrith\u00e9rapeute Holistique\",\"publisher\":{\"@id\":\"https:\/\/foodforsoulnutrition.com\/#\/schema\/person\/e5bd885c1fd661e68baee476f4d7e228\"},\"potentialAction\":[{\"@type\":\"SearchAction\",\"target\":{\"@type\":\"EntryPoint\",\"urlTemplate\":\"https:\/\/foodforsoulnutrition.com\/?s={search_term_string}\"},\"query-input\":{\"@type\":\"PropertyValueSpecification\",\"valueRequired\":true,\"valueName\":\"search_term_string\"}}],\"inLanguage\":\"en-US\"},{\"@type\":[\"Person\",\"Organization\"],\"@id\":\"https:\/\/foodforsoulnutrition.com\/#\/schema\/person\/e5bd885c1fd661e68baee476f4d7e228\",\"name\":\"Admin\",\"image\":{\"@type\":\"ImageObject\",\"inLanguage\":\"en-US\",\"@id\":\"https:\/\/foodforsoulnutrition.com\/#\/schema\/person\/image\/\",\"url\":\"https:\/\/foodforsoulnutrition.com\/wp-content\/uploads\/2023\/08\/avatar.jpg\",\"contentUrl\":\"https:\/\/foodforsoulnutrition.com\/wp-content\/uploads\/2023\/08\/avatar.jpg\",\"width\":537,\"height\":537,\"caption\":\"Admin\"},\"logo\":{\"@id\":\"https:\/\/foodforsoulnutrition.com\/#\/schema\/person\/image\/\"},\"sameAs\":[\"https:\/\/foodforsoulnutrition.com\"]}]}<\/script>\n<!-- \/ Yoast SEO plugin. -->","yoast_head_json":{"title":"Mentions l\u00e9gales - Food for Soul Nutrition","description":"Du bon usage de ce site et des informations qu\u2019il contient.","robots":{"index":"index","follow":"follow","max-snippet":"max-snippet:-1","max-image-preview":"max-image-preview:large","max-video-preview":"max-video-preview:-1"},"canonical":"https:\/\/foodforsoulnutrition.com\/en\/mentions-legales\/","og_locale":"en_US","og_type":"article","og_title":"Mentions l\u00e9gales - Food for Soul Nutrition","og_description":"Du bon usage de ce site et des informations qu\u2019il contient.","og_url":"https:\/\/foodforsoulnutrition.com\/en\/mentions-legales\/","og_site_name":"Food for Soul Nutrition","article_modified_time":"2024-12-18T15:18:18+00:00","twitter_card":"summary_large_image","twitter_misc":{"Est. reading time":"3 minutes"},"schema":{"@context":"https:\/\/schema.org","@graph":[{"@type":"WebPage","@id":"https:\/\/foodforsoulnutrition.com\/mentions-legales\/","url":"https:\/\/foodforsoulnutrition.com\/mentions-legales\/","name":"Mentions l\u00e9gales - Food for Soul Nutrition","isPartOf":{"@id":"https:\/\/foodforsoulnutrition.com\/#website"},"datePublished":"2023-08-03T14:39:43+00:00","dateModified":"2024-12-18T15:18:18+00:00","description":"Du bon usage de ce site et des informations qu\u2019il contient.","breadcrumb":{"@id":"https:\/\/foodforsoulnutrition.com\/mentions-legales\/#breadcrumb"},"inLanguage":"en-US","potentialAction":[{"@type":"ReadAction","target":["https:\/\/foodforsoulnutrition.com\/mentions-legales\/"]}]},{"@type":"BreadcrumbList","@id":"https:\/\/foodforsoulnutrition.com\/mentions-legales\/#breadcrumb","itemListElement":[{"@type":"ListItem","position":1,"name":"Accueil","item":"https:\/\/foodforsoulnutrition.com\/"},{"@type":"ListItem","position":2,"name":"Mentions l\u00e9gales"}]},{"@type":"WebSite","@id":"https:\/\/foodforsoulnutrition.com\/#website","url":"https:\/\/foodforsoulnutrition.com\/","name":"Food for Soul Nutrition","description":"Agathe Willay, Nutritionniste et Nutrith\u00e9rapeute Holistique","publisher":{"@id":"https:\/\/foodforsoulnutrition.com\/#\/schema\/person\/e5bd885c1fd661e68baee476f4d7e228"},"potentialAction":[{"@type":"SearchAction","target":{"@type":"EntryPoint","urlTemplate":"https:\/\/foodforsoulnutrition.com\/?s={search_term_string}"},"query-input":{"@type":"PropertyValueSpecification","valueRequired":true,"valueName":"search_term_string"}}],"inLanguage":"en-US"},{"@type":["Person","Organization"],"@id":"https:\/\/foodforsoulnutrition.com\/#\/schema\/person\/e5bd885c1fd661e68baee476f4d7e228","name":"Admin","image":{"@type":"ImageObject","inLanguage":"en-US","@id":"https:\/\/foodforsoulnutrition.com\/#\/schema\/person\/image\/","url":"https:\/\/foodforsoulnutrition.com\/wp-content\/uploads\/2023\/08\/avatar.jpg","contentUrl":"https:\/\/foodforsoulnutrition.com\/wp-content\/uploads\/2023\/08\/avatar.jpg","width":537,"height":537,"caption":"Admin"},"logo":{"@id":"https:\/\/foodforsoulnutrition.com\/#\/schema\/person\/image\/"},"sameAs":["https:\/\/foodforsoulnutrition.com"]}]}},"_links":{"self":[{"href":"https:\/\/foodforsoulnutrition.com\/en\/wp-json\/wp\/v2\/pages\/3","targetHints":{"allow":["GET"]}}],"collection":[{"href":"https:\/\/foodforsoulnutrition.com\/en\/wp-json\/wp\/v2\/pages"}],"about":[{"href":"https:\/\/foodforsoulnutrition.com\/en\/wp-json\/wp\/v2\/types\/page"}],"author":[{"embeddable":true,"href":"https:\/\/foodforsoulnutrition.com\/en\/wp-json\/wp\/v2\/users\/1"}],"replies":[{"embeddable":true,"href":"https:\/\/foodforsoulnutrition.com\/en\/wp-json\/wp\/v2\/comments?post=3"}],"version-history":[{"count":95,"href":"https:\/\/foodforsoulnutrition.com\/en\/wp-json\/wp\/v2\/pages\/3\/revisions"}],"predecessor-version":[{"id":2936,"href":"https:\/\/foodforsoulnutrition.com\/en\/wp-json\/wp\/v2\/pages\/3\/revisions\/2936"}],"wp:attachment":[{"href":"https:\/\/foodforsoulnutrition.com\/en\/wp-json\/wp\/v2\/media?parent=3"}],"curies":[{"name":"wp","href":"https:\/\/api.w.org\/{rel}","templated":true}]}}