{"id":4039,"date":"2025-02-08T18:51:30","date_gmt":"2025-02-08T17:51:30","guid":{"rendered":"https:\/\/foodforsoulnutrition.com\/membership-login\/password-reset\/"},"modified":"2025-02-11T16:30:52","modified_gmt":"2025-02-11T15:30:52","slug":"password-reset","status":"publish","type":"page","link":"https:\/\/foodforsoulnutrition.com\/en\/membership-login\/password-reset\/","title":{"rendered":"RAZ Mot de Passe"},"content":{"rendered":"<div data-elementor-type=\"wp-page\" data-elementor-id=\"4039\" class=\"elementor elementor-4039\" data-elementor-post-type=\"page\">\n\t\t\t\t<div class=\"elementor-element elementor-element-732eefc8 e-con-full e-flex e-con e-parent\" data-id=\"732eefc8\" data-element_type=\"container\" data-settings=\"{&quot;background_background&quot;:&quot;classic&quot;}\">\n\t\t\t\t<\/div>\n\t\t<div class=\"elementor-element elementor-element-7000d57c e-flex e-con-boxed e-con e-parent\" data-id=\"7000d57c\" data-element_type=\"container\">\n\t\t\t\t\t<div class=\"e-con-inner\">\n\t\t\t\t<div class=\"elementor-element elementor-element-ce7f995 elementor-widget elementor-widget-text-editor\" data-id=\"ce7f995\" data-element_type=\"widget\" data-widget_type=\"text-editor.default\">\n\t\t\t\t<div class=\"elementor-widget-container\">\n\t\t\t\t\t\t\t\t\t<p>Entrez votre adresse <strong>Email<\/strong> pour recevoir un nouveau <strong>Mot de Passe<\/strong> (pensez \u00e0 <em>v\u00e9rifier dans les <strong>Ind\u00e9sirables<\/strong>, si jamais<\/em>).<br \/>Vous pourrez ensuite vous connecter sur la page <a href=\"https:\/\/foodforsoulnutrition.com\/en\/membership-login\/\"><strong>LOGIN<\/strong><\/a><\/p>\t\t\t\t\t\t\t\t<\/div>\n\t\t\t\t<\/div>\n\t\t\t\t<div class=\"elementor-element elementor-element-299edcf3 elementor-widget elementor-widget-shortcode\" data-id=\"299edcf3\" data-element_type=\"widget\" data-widget_type=\"shortcode.default\">\n\t\t\t\t<div class=\"elementor-widget-container\">\n\t\t\t\t\t\t\t<div class=\"elementor-shortcode\"><div class=\"swpm-pw-reset-widget-form\">\n    <form id=\"swpm-pw-reset-form\" name=\"swpm-reset-form\" method=\"post\" action=\"\" data-trp-original-action=\"\">\n        <div class=\"swpm-pw-reset-widget-inside\">\n            <div class=\"swpm-pw-reset-email swpm-margin-top-10\">\n                <label for=\"swpm_reset_email\" class=\"swpm_label swpm-pw-reset-email-label\">Email Address<\/label>\n            <\/div>\n            <div class=\"swpm-pw-reset-email-input swpm-margin-top-10\">\n                <input type=\"text\" name=\"swpm_reset_email\" class=\"swpm-text-field swpm-pw-reset-text\" id=\"swpm_reset_email\"  value=\"\" size=\"30\" \/>\n            <\/div>\n            <div class=\"swpm-before-login-submit-section\"><\/div>\n            <div class=\"swpm-pw-reset-submit-button\">\n                <input type=\"submit\" name=\"swpm-reset\" class=\"swpm-pw-reset-submit swpm-submit-btn-default-style\" value=\"Reset Password\" \/>\n            <\/div>\n        <\/div>\n    <input type=\"hidden\" name=\"trp-form-language\" value=\"en\"\/><\/form>\n<\/div>\n<div class=\"swpm_pass_reset_processing_msg_section\">\n    <p id=\"swpm_pass_reset_processing_msg\" hidden=\"hidden\">\n        Processing password reset request...    <\/p>\n<\/div>\n<script>\n  document.getElementById(\"swpm-pw-reset-form\").addEventListener(\"submit\", function() {\n  let p = document.getElementById('swpm_pass_reset_processing_msg');\n    p.removeAttribute(\"hidden\");\n  });\n<\/script>\n<\/div>\n\t\t\t\t\t\t<\/div>\n\t\t\t\t<\/div>\n\t\t\t\t\t<\/div>\n\t\t\t\t<\/div>\n\t\t\t\t<\/div>","protected":false},"excerpt":{"rendered":"<p>Entrez votre adresse Email pour recevoir un nouveau Mot de Passe (pensez \u00e0 v\u00e9rifier dans les Ind\u00e9sirables, si jamais).Vous pourrez ensuite vous connecter sur la page LOGIN<\/p>","protected":false},"author":1,"featured_media":0,"parent":4037,"menu_order":0,"comment_status":"closed","ping_status":"closed","template":"","meta":{"ocean_post_layout":"","ocean_both_sidebars_style":"","ocean_both_sidebars_content_width":0,"ocean_both_sidebars_sidebars_width":0,"ocean_sidebar":"","ocean_second_sidebar":"","ocean_disable_margins":"enable","ocean_add_body_class":"","ocean_shortcode_before_top_bar":"","ocean_shortcode_after_top_bar":"","ocean_shortcode_before_header":"","ocean_shortcode_after_header":"","ocean_has_shortcode":"","ocean_shortcode_after_title":"","ocean_shortcode_before_footer_widgets":"","ocean_shortcode_after_footer_widgets":"","ocean_shortcode_before_footer_bottom":"","ocean_shortcode_after_footer_bottom":"","ocean_display_top_bar":"default","ocean_display_header":"default","ocean_header_style":"","ocean_center_header_left_menu":"","ocean_custom_header_template":"","ocean_custom_logo":0,"ocean_custom_retina_logo":0,"ocean_custom_logo_max_width":0,"ocean_custom_logo_tablet_max_width":0,"ocean_custom_logo_mobile_max_width":0,"ocean_custom_logo_max_height":0,"ocean_custom_logo_tablet_max_height":0,"ocean_custom_logo_mobile_max_height":0,"ocean_header_custom_menu":"","ocean_menu_typo_font_family":"","ocean_menu_typo_font_subset":"","ocean_menu_typo_font_size":0,"ocean_menu_typo_font_size_tablet":0,"ocean_menu_typo_font_size_mobile":0,"ocean_menu_typo_font_size_unit":"px","ocean_menu_typo_font_weight":"","ocean_menu_typo_font_weight_tablet":"","ocean_menu_typo_font_weight_mobile":"","ocean_menu_typo_transform":"","ocean_menu_typo_transform_tablet":"","ocean_menu_typo_transform_mobile":"","ocean_menu_typo_line_height":0,"ocean_menu_typo_line_height_tablet":0,"ocean_menu_typo_line_height_mobile":0,"ocean_menu_typo_line_height_unit":"","ocean_menu_typo_spacing":0,"ocean_menu_typo_spacing_tablet":0,"ocean_menu_typo_spacing_mobile":0,"ocean_menu_typo_spacing_unit":"","ocean_menu_link_color":"","ocean_menu_link_color_hover":"","ocean_menu_link_color_active":"","ocean_menu_link_background":"","ocean_menu_link_hover_background":"","ocean_menu_link_active_background":"","ocean_menu_social_links_bg":"","ocean_menu_social_hover_links_bg":"","ocean_menu_social_links_color":"","ocean_menu_social_hover_links_color":"","ocean_disable_title":"default","ocean_disable_heading":"default","ocean_post_title":"","ocean_post_subheading":"","ocean_post_title_style":"","ocean_post_title_background_color":"","ocean_post_title_background":0,"ocean_post_title_bg_image_position":"","ocean_post_title_bg_image_attachment":"","ocean_post_title_bg_image_repeat":"","ocean_post_title_bg_image_size":"","ocean_post_title_height":0,"ocean_post_title_bg_overlay":0.5,"ocean_post_title_bg_overlay_color":"","ocean_disable_breadcrumbs":"default","ocean_breadcrumbs_color":"","ocean_breadcrumbs_separator_color":"","ocean_breadcrumbs_links_color":"","ocean_breadcrumbs_links_hover_color":"","ocean_display_footer_widgets":"default","ocean_display_footer_bottom":"default","ocean_custom_footer_template":"","footnotes":""},"class_list":["post-4039","page","type-page","status-publish","hentry","entry"],"yoast_head":"<!-- This site is optimized with the Yoast SEO plugin v27.1.1 - https:\/\/yoast.com\/product\/yoast-seo-wordpress\/ -->\n<title>RAZ Mot de Passe - Food for Soul Nutrition<\/title>\n<meta name=\"robots\" content=\"noindex, nofollow\" \/>\n<meta property=\"og:locale\" content=\"en_US\" \/>\n<meta property=\"og:type\" content=\"article\" \/>\n<meta property=\"og:title\" content=\"RAZ Mot de Passe - Food for Soul Nutrition\" \/>\n<meta property=\"og:description\" content=\"Entrez votre adresse Email pour recevoir un nouveau Mot de Passe (pensez \u00e0 v\u00e9rifier dans les Ind\u00e9sirables, si jamais).Vous pourrez ensuite vous connecter sur la page LOGIN\" \/>\n<meta property=\"og:url\" content=\"https:\/\/foodforsoulnutrition.com\/en\/membership-login\/password-reset\/\" \/>\n<meta property=\"og:site_name\" content=\"Food for Soul Nutrition\" \/>\n<meta property=\"article:modified_time\" content=\"2025-02-11T15:30:52+00:00\" \/>\n<meta name=\"twitter:card\" content=\"summary_large_image\" \/>\n<meta name=\"twitter:label1\" content=\"Est. reading time\" \/>\n\t<meta name=\"twitter:data1\" content=\"1 minute\" \/>\n<script type=\"application\/ld+json\" class=\"yoast-schema-graph\">{\"@context\":\"https:\/\/schema.org\",\"@graph\":[{\"@type\":\"WebPage\",\"@id\":\"https:\/\/foodforsoulnutrition.com\/membership-login\/password-reset\/\",\"url\":\"https:\/\/foodforsoulnutrition.com\/membership-login\/password-reset\/\",\"name\":\"RAZ Mot de Passe - Food for Soul Nutrition\",\"isPartOf\":{\"@id\":\"https:\/\/foodforsoulnutrition.com\/#website\"},\"datePublished\":\"2025-02-08T17:51:30+00:00\",\"dateModified\":\"2025-02-11T15:30:52+00:00\",\"breadcrumb\":{\"@id\":\"https:\/\/foodforsoulnutrition.com\/membership-login\/password-reset\/#breadcrumb\"},\"inLanguage\":\"en-US\",\"potentialAction\":[{\"@type\":\"ReadAction\",\"target\":[\"https:\/\/foodforsoulnutrition.com\/membership-login\/password-reset\/\"]}]},{\"@type\":\"BreadcrumbList\",\"@id\":\"https:\/\/foodforsoulnutrition.com\/membership-login\/password-reset\/#breadcrumb\",\"itemListElement\":[{\"@type\":\"ListItem\",\"position\":1,\"name\":\"Accueil\",\"item\":\"https:\/\/foodforsoulnutrition.com\/\"},{\"@type\":\"ListItem\",\"position\":2,\"name\":\"Nom du Membre Utilisateur\",\"item\":\"https:\/\/foodforsoulnutrition.com\/membership-login\/\"},{\"@type\":\"ListItem\",\"position\":3,\"name\":\"RAZ Mot de Passe\"}]},{\"@type\":\"WebSite\",\"@id\":\"https:\/\/foodforsoulnutrition.com\/#website\",\"url\":\"https:\/\/foodforsoulnutrition.com\/\",\"name\":\"Food for Soul Nutrition\",\"description\":\"Agathe Willay, Nutritionniste et Nutrith\u00e9rapeute Holistique\",\"publisher\":{\"@id\":\"https:\/\/foodforsoulnutrition.com\/#\/schema\/person\/e5bd885c1fd661e68baee476f4d7e228\"},\"potentialAction\":[{\"@type\":\"SearchAction\",\"target\":{\"@type\":\"EntryPoint\",\"urlTemplate\":\"https:\/\/foodforsoulnutrition.com\/?s={search_term_string}\"},\"query-input\":{\"@type\":\"PropertyValueSpecification\",\"valueRequired\":true,\"valueName\":\"search_term_string\"}}],\"inLanguage\":\"en-US\"},{\"@type\":[\"Person\",\"Organization\"],\"@id\":\"https:\/\/foodforsoulnutrition.com\/#\/schema\/person\/e5bd885c1fd661e68baee476f4d7e228\",\"name\":\"Admin\",\"image\":{\"@type\":\"ImageObject\",\"inLanguage\":\"en-US\",\"@id\":\"https:\/\/foodforsoulnutrition.com\/#\/schema\/person\/image\/\",\"url\":\"https:\/\/foodforsoulnutrition.com\/wp-content\/uploads\/2023\/08\/avatar.jpg\",\"contentUrl\":\"https:\/\/foodforsoulnutrition.com\/wp-content\/uploads\/2023\/08\/avatar.jpg\",\"width\":537,\"height\":537,\"caption\":\"Admin\"},\"logo\":{\"@id\":\"https:\/\/foodforsoulnutrition.com\/#\/schema\/person\/image\/\"},\"sameAs\":[\"https:\/\/foodforsoulnutrition.com\"]}]}<\/script>\n<!-- \/ Yoast SEO plugin. -->","yoast_head_json":{"title":"RAZ Mot de Passe - Food for Soul Nutrition","robots":{"index":"noindex","follow":"nofollow"},"og_locale":"en_US","og_type":"article","og_title":"RAZ Mot de Passe - Food for Soul Nutrition","og_description":"Entrez votre adresse Email pour recevoir un nouveau Mot de Passe (pensez \u00e0 v\u00e9rifier dans les Ind\u00e9sirables, si jamais).Vous pourrez ensuite vous connecter sur la page LOGIN","og_url":"https:\/\/foodforsoulnutrition.com\/en\/membership-login\/password-reset\/","og_site_name":"Food for Soul Nutrition","article_modified_time":"2025-02-11T15:30:52+00:00","twitter_card":"summary_large_image","twitter_misc":{"Est. reading time":"1 minute"},"schema":{"@context":"https:\/\/schema.org","@graph":[{"@type":"WebPage","@id":"https:\/\/foodforsoulnutrition.com\/membership-login\/password-reset\/","url":"https:\/\/foodforsoulnutrition.com\/membership-login\/password-reset\/","name":"RAZ Mot de Passe - Food for Soul Nutrition","isPartOf":{"@id":"https:\/\/foodforsoulnutrition.com\/#website"},"datePublished":"2025-02-08T17:51:30+00:00","dateModified":"2025-02-11T15:30:52+00:00","breadcrumb":{"@id":"https:\/\/foodforsoulnutrition.com\/membership-login\/password-reset\/#breadcrumb"},"inLanguage":"en-US","potentialAction":[{"@type":"ReadAction","target":["https:\/\/foodforsoulnutrition.com\/membership-login\/password-reset\/"]}]},{"@type":"BreadcrumbList","@id":"https:\/\/foodforsoulnutrition.com\/membership-login\/password-reset\/#breadcrumb","itemListElement":[{"@type":"ListItem","position":1,"name":"Accueil","item":"https:\/\/foodforsoulnutrition.com\/"},{"@type":"ListItem","position":2,"name":"Nom du Membre Utilisateur","item":"https:\/\/foodforsoulnutrition.com\/membership-login\/"},{"@type":"ListItem","position":3,"name":"RAZ Mot de Passe"}]},{"@type":"WebSite","@id":"https:\/\/foodforsoulnutrition.com\/#website","url":"https:\/\/foodforsoulnutrition.com\/","name":"Food for Soul Nutrition","description":"Agathe Willay, Nutritionniste et Nutrith\u00e9rapeute Holistique","publisher":{"@id":"https:\/\/foodforsoulnutrition.com\/#\/schema\/person\/e5bd885c1fd661e68baee476f4d7e228"},"potentialAction":[{"@type":"SearchAction","target":{"@type":"EntryPoint","urlTemplate":"https:\/\/foodforsoulnutrition.com\/?s={search_term_string}"},"query-input":{"@type":"PropertyValueSpecification","valueRequired":true,"valueName":"search_term_string"}}],"inLanguage":"en-US"},{"@type":["Person","Organization"],"@id":"https:\/\/foodforsoulnutrition.com\/#\/schema\/person\/e5bd885c1fd661e68baee476f4d7e228","name":"Admin","image":{"@type":"ImageObject","inLanguage":"en-US","@id":"https:\/\/foodforsoulnutrition.com\/#\/schema\/person\/image\/","url":"https:\/\/foodforsoulnutrition.com\/wp-content\/uploads\/2023\/08\/avatar.jpg","contentUrl":"https:\/\/foodforsoulnutrition.com\/wp-content\/uploads\/2023\/08\/avatar.jpg","width":537,"height":537,"caption":"Admin"},"logo":{"@id":"https:\/\/foodforsoulnutrition.com\/#\/schema\/person\/image\/"},"sameAs":["https:\/\/foodforsoulnutrition.com"]}]}},"_links":{"self":[{"href":"https:\/\/foodforsoulnutrition.com\/en\/wp-json\/wp\/v2\/pages\/4039","targetHints":{"allow":["GET"]}}],"collection":[{"href":"https:\/\/foodforsoulnutrition.com\/en\/wp-json\/wp\/v2\/pages"}],"about":[{"href":"https:\/\/foodforsoulnutrition.com\/en\/wp-json\/wp\/v2\/types\/page"}],"author":[{"embeddable":true,"href":"https:\/\/foodforsoulnutrition.com\/en\/wp-json\/wp\/v2\/users\/1"}],"replies":[{"embeddable":true,"href":"https:\/\/foodforsoulnutrition.com\/en\/wp-json\/wp\/v2\/comments?post=4039"}],"version-history":[{"count":15,"href":"https:\/\/foodforsoulnutrition.com\/en\/wp-json\/wp\/v2\/pages\/4039\/revisions"}],"predecessor-version":[{"id":4599,"href":"https:\/\/foodforsoulnutrition.com\/en\/wp-json\/wp\/v2\/pages\/4039\/revisions\/4599"}],"up":[{"embeddable":true,"href":"https:\/\/foodforsoulnutrition.com\/en\/wp-json\/wp\/v2\/pages\/4037"}],"wp:attachment":[{"href":"https:\/\/foodforsoulnutrition.com\/en\/wp-json\/wp\/v2\/media?parent=4039"}],"curies":[{"name":"wp","href":"https:\/\/api.w.org\/{rel}","templated":true}]}}