{"id":4832,"date":"2025-02-13T13:16:17","date_gmt":"2025-02-13T12:16:17","guid":{"rendered":"https:\/\/foodforsoulnutrition.com\/?page_id=4832"},"modified":"2025-02-19T12:58:09","modified_gmt":"2025-02-19T11:58:09","slug":"ateliers-entreprises","status":"publish","type":"page","link":"https:\/\/foodforsoulnutrition.com\/en\/ateliers-entreprises\/","title":{"rendered":"Ateliers Entreprises"},"content":{"rendered":"<div data-elementor-type=\"wp-page\" data-elementor-id=\"4832\" class=\"elementor elementor-4832\" data-elementor-post-type=\"page\">\n\t\t\t\t<div class=\"elementor-element elementor-element-334acb2b e-con-full e-flex e-con e-parent\" data-id=\"334acb2b\" data-element_type=\"container\" data-settings=\"{&quot;background_background&quot;:&quot;classic&quot;}\">\n\t\t\t\t<\/div>\n\t\t<div class=\"elementor-element elementor-element-dae6538 e-flex e-con-boxed e-con e-parent\" data-id=\"dae6538\" data-element_type=\"container\">\n\t\t\t\t\t<div class=\"e-con-inner\">\n\t\t\t\t<div class=\"elementor-element elementor-element-793b474 elementor-widget__width-inherit elementor-widget elementor-widget-heading\" data-id=\"793b474\" data-element_type=\"widget\" data-widget_type=\"heading.default\">\n\t\t\t\t<div class=\"elementor-widget-container\">\n\t\t\t\t\t<h1 class=\"elementor-heading-title elementor-size-default translation-block\">Workshops<br>Companies<\/h1>\t\t\t\t<\/div>\n\t\t\t\t<\/div>\n\t\t\t\t<div class=\"elementor-element elementor-element-220537d elementor-widget elementor-widget-text-editor\" data-id=\"220537d\" data-element_type=\"widget\" data-widget_type=\"text-editor.default\">\n\t\t\t\t<div class=\"elementor-widget-container\">\n\t\t\t\t\t\t\t\t\t<p class=\"translation-block\">As part of Corporate Social Responsibility (CSR) initiatives,<br> I offer workshops focusing on nutrition and well-being at work.<\/p>\t\t\t\t\t\t\t\t<\/div>\n\t\t\t\t<\/div>\n\t\t\t\t<div class=\"elementor-element elementor-element-ec0671f elementor-widget elementor-widget-text-editor\" data-id=\"ec0671f\" data-element_type=\"widget\" data-widget_type=\"text-editor.default\">\n\t\t\t\t<div class=\"elementor-widget-container\">\n\t\t\t\t\t\t\t\t\t<p class=\"translation-block\">With over 20 years' experience in the corporate world, I understand the issues facing companies.<br>I use my expertise in Nutrition and my experience in Communication<br>to offer my customers an approach tailored to their needs.<\/p>\t\t\t\t\t\t\t\t<\/div>\n\t\t\t\t<\/div>\n\t\t\t\t<div class=\"elementor-element elementor-element-19df049 elementor-align-center elementor-widget elementor-widget-button\" data-id=\"19df049\" data-element_type=\"widget\" data-widget_type=\"button.default\">\n\t\t\t\t<div class=\"elementor-widget-container\">\n\t\t\t\t\t\t\t\t\t<div class=\"elementor-button-wrapper\">\n\t\t\t\t\t<a class=\"elementor-button elementor-button-link elementor-size-sm\" href=\"https:\/\/foodforsoulnutrition.com\/en\/contact-et-paiement\/\">\n\t\t\t\t\t\t<span class=\"elementor-button-content-wrapper\">\n\t\t\t\t\t\t\t\t\t<span class=\"elementor-button-text\">Contact Me<\/span>\n\t\t\t\t\t<\/span>\n\t\t\t\t\t<\/a>\n\t\t\t\t<\/div>\n\t\t\t\t\t\t\t\t<\/div>\n\t\t\t\t<\/div>\n\t\t\t\t\t<\/div>\n\t\t\t\t<\/div>\n\t\t<div class=\"elementor-element elementor-element-47706c5 e-flex e-con-boxed e-con e-parent\" data-id=\"47706c5\" data-element_type=\"container\" data-settings=\"{&quot;background_background&quot;:&quot;classic&quot;}\">\n\t\t\t\t\t<div class=\"e-con-inner\">\n\t\t\t\t<div class=\"elementor-element elementor-element-118f770 elementor-widget elementor-widget-heading\" data-id=\"118f770\" data-element_type=\"widget\" data-widget_type=\"heading.default\">\n\t\t\t\t<div class=\"elementor-widget-container\">\n\t\t\t\t\t<h2 class=\"elementor-heading-title elementor-size-default\">These sessions<br>will provide an opportunity to<\/h2>\t\t\t\t<\/div>\n\t\t\t\t<\/div>\n\t\t\t\t\t<\/div>\n\t\t\t\t<\/div>\n\t\t<div class=\"elementor-element elementor-element-1d23431 e-con-full e-flex e-con e-parent\" data-id=\"1d23431\" data-element_type=\"container\" data-settings=\"{&quot;background_background&quot;:&quot;classic&quot;}\">\n\t\t<div class=\"elementor-element elementor-element-8f8d521 e-flex e-con-boxed e-con e-child\" data-id=\"8f8d521\" data-element_type=\"container\" data-settings=\"{&quot;background_background&quot;:&quot;classic&quot;}\">\n\t\t\t\t\t<div class=\"e-con-inner\">\n\t\t<div class=\"elementor-element elementor-element-277139a e-con-full e-flex e-con e-child\" data-id=\"277139a\" data-element_type=\"container\" data-settings=\"{&quot;background_background&quot;:&quot;classic&quot;}\">\n\t\t\t\t<\/div>\n\t\t\t\t<div class=\"elementor-element elementor-element-8fb2dae elementor-widget elementor-widget-heading\" data-id=\"8fb2dae\" data-element_type=\"widget\" data-widget_type=\"heading.default\">\n\t\t\t\t<div class=\"elementor-widget-container\">\n\t\t\t\t\t<h2 class=\"elementor-heading-title elementor-size-default translation-block\">1. Make employees aware<br>of the principles of<br>a balanced diet<\/h2>\t\t\t\t<\/div>\n\t\t\t\t<\/div>\n\t\t\t\t\t<\/div>\n\t\t\t\t<\/div>\n\t\t<div class=\"elementor-element elementor-element-de1c654 e-flex e-con-boxed e-con e-child\" data-id=\"de1c654\" data-element_type=\"container\" data-settings=\"{&quot;background_background&quot;:&quot;classic&quot;}\">\n\t\t\t\t\t<div class=\"e-con-inner\">\n\t\t<div class=\"elementor-element elementor-element-71e1631 e-con-full e-flex e-con e-child\" data-id=\"71e1631\" data-element_type=\"container\" data-settings=\"{&quot;background_background&quot;:&quot;classic&quot;}\">\n\t\t\t\t<\/div>\n\t\t\t\t<div class=\"elementor-element elementor-element-d12e1c5 elementor-widget elementor-widget-heading\" data-id=\"d12e1c5\" data-element_type=\"widget\" data-widget_type=\"heading.default\">\n\t\t\t\t<div class=\"elementor-widget-container\">\n\t\t\t\t\t<h2 class=\"elementor-heading-title elementor-size-default translation-block\">2. Demonstrate the physiological<br>effects of food choices<\/h2>\t\t\t\t<\/div>\n\t\t\t\t<\/div>\n\t\t\t\t\t<\/div>\n\t\t\t\t<\/div>\n\t\t<div class=\"elementor-element elementor-element-def5563 e-flex e-con-boxed e-con e-child\" data-id=\"def5563\" data-element_type=\"container\" data-settings=\"{&quot;background_background&quot;:&quot;classic&quot;}\">\n\t\t\t\t\t<div class=\"e-con-inner\">\n\t\t<div class=\"elementor-element elementor-element-a959f19 e-con-full e-flex e-con e-child\" data-id=\"a959f19\" data-element_type=\"container\" data-settings=\"{&quot;background_background&quot;:&quot;classic&quot;}\">\n\t\t\t\t<\/div>\n\t\t\t\t<div class=\"elementor-element elementor-element-a8f1ce4 elementor-widget elementor-widget-heading\" data-id=\"a8f1ce4\" data-element_type=\"widget\" data-widget_type=\"heading.default\">\n\t\t\t\t<div class=\"elementor-widget-container\">\n\t\t\t\t\t<h2 class=\"elementor-heading-title elementor-size-default\">3. Provide simple advice on how to rapidly and sustainably increase their vitality and cognitive abilities.<\/h2>\t\t\t\t<\/div>\n\t\t\t\t<\/div>\n\t\t\t\t\t<\/div>\n\t\t\t\t<\/div>\n\t\t\t\t<\/div>\n\t\t<div class=\"elementor-element elementor-element-4b7e427 e-flex e-con-boxed e-con e-parent\" data-id=\"4b7e427\" data-element_type=\"container\">\n\t\t\t\t\t<div class=\"e-con-inner\">\n\t\t\t\t<div class=\"elementor-element elementor-element-1a0c504 elementor-widget elementor-widget-heading\" data-id=\"1a0c504\" data-element_type=\"widget\" data-widget_type=\"heading.default\">\n\t\t\t\t<div class=\"elementor-widget-container\">\n\t\t\t\t\t<h2 class=\"elementor-heading-title elementor-size-default\">Suggested themes<\/h2>\t\t\t\t<\/div>\n\t\t\t\t<\/div>\n\t\t\t\t<div class=\"elementor-element elementor-element-3f9265c elementor-widget elementor-widget-eael-feature-list\" data-id=\"3f9265c\" data-element_type=\"widget\" data-widget_type=\"eael-feature-list.default\">\n\t\t\t\t<div class=\"elementor-widget-container\">\n\t\t\t\t\t\t\t<div class=\"-icon-position-left -tablet-icon-position-left -mobile-icon-position-left\">\n\t\t\t<ul id=\"eael-feature-list-3f9265c\" class=\"eael-feature-list-items circle stacked connector-type-classic eael-feature-list-vertical\" data-layout-tablet=\"vertical\" data-layout-mobile=\"vertical\">\n\t\t\t                <li class=\"eael-feature-list-item elementor-repeater-item-a3274d7\">\n                                            <span class=\"connector\" style=\"right: calc(100% - 46px); left: 0;\"><\/span>\n                        <span class=\"connector connector-tablet\" style=\"right: calc(100% - 46px); left: 0;\"><\/span>\n                        <span class=\"connector connector-mobile\" style=\"right: calc(100% - 46px); left: 0;\"><\/span>\n                    \n\t\t\t\t\t\t<div class=\"eael-feature-list-icon-box\">\n\t\t\t\t\t\t\t<div class=\"eael-feature-list-icon-inner\">\n\n\t\t\t\t\t\t\t\t<span class=\"eael-feature-list-icon fl-icon-0\">\n\n\t\t<i aria-hidden=\"true\" class=\"fas fa-check\"><\/i>\t\t\t\t\t\t\t\t<\/span>\n\t\t\t\t\t\t\t<\/div>\n\t\t\t\t\t\t<\/div>\n\t\t\t\t\t\t<div class=\"eael-feature-list-content-box\">\n                            <h3 class=\"eael-feature-list-title\">1. Nutrition and Energy at Work<\/h3>\t\t\t\t\t\t<p class=\"eael-feature-list-content\">\u2022 Maintain your energy throughout the day<br>\n\u2022 Healthy snacks at work<br>\n\u2022 Preparing balanced meals<\/p>\n\t\t\t\t\t\t<\/div>\n\n\t\t\t\t\t<\/li>\n\t\t\t\t                <li class=\"eael-feature-list-item elementor-repeater-item-3900ac0\">\n                                            <span class=\"connector\" style=\"right: calc(100% - 46px); left: 0;\"><\/span>\n                        <span class=\"connector connector-tablet\" style=\"right: calc(100% - 46px); left: 0;\"><\/span>\n                        <span class=\"connector connector-mobile\" style=\"right: calc(100% - 46px); left: 0;\"><\/span>\n                    \n\t\t\t\t\t\t<div class=\"eael-feature-list-icon-box\">\n\t\t\t\t\t\t\t<div class=\"eael-feature-list-icon-inner\">\n\n\t\t\t\t\t\t\t\t<span class=\"eael-feature-list-icon fl-icon-1\">\n\n\t\t<i aria-hidden=\"true\" class=\"fas fa-check\"><\/i>\t\t\t\t\t\t\t\t<\/span>\n\t\t\t\t\t\t\t<\/div>\n\t\t\t\t\t\t<\/div>\n\t\t\t\t\t\t<div class=\"eael-feature-list-content-box\">\n                            <h3 class=\"eael-feature-list-title\">2. Stress Management through Nutrition<\/h3>\t\t\t\t\t\t<p class=\"eael-feature-list-content\">\u2022 Anti-stress foods<br>\n\u2022 The impact of diet on mood<br>\n\u2022 The importance of microbiota in\nstress management<\/p>\n\t\t\t\t\t\t<\/div>\n\n\t\t\t\t\t<\/li>\n\t\t\t\t                <li class=\"eael-feature-list-item elementor-repeater-item-589138a\">\n                                            <span class=\"connector\" style=\"right: calc(100% - 46px); left: 0;\"><\/span>\n                        <span class=\"connector connector-tablet\" style=\"right: calc(100% - 46px); left: 0;\"><\/span>\n                        <span class=\"connector connector-mobile\" style=\"right: calc(100% - 46px); left: 0;\"><\/span>\n                    \n\t\t\t\t\t\t<div class=\"eael-feature-list-icon-box\">\n\t\t\t\t\t\t\t<div class=\"eael-feature-list-icon-inner\">\n\n\t\t\t\t\t\t\t\t<span class=\"eael-feature-list-icon fl-icon-2\">\n\n\t\t<i aria-hidden=\"true\" class=\"fas fa-check\"><\/i>\t\t\t\t\t\t\t\t<\/span>\n\t\t\t\t\t\t\t<\/div>\n\t\t\t\t\t\t<\/div>\n\t\t\t\t\t\t<div class=\"eael-feature-list-content-box\">\n                            <h3 class=\"eael-feature-list-title\">3. Nutrition and Cognitive Performance<\/h3>\t\t\t\t\t\t<p class=\"eael-feature-list-content\">\u2022 Superfoods for concentration<br>\n\u2022 Hydration and its effects on\nmental performance<br>\n\u2022 Eating patterns adapted to intellectual work<\/p>\n\t\t\t\t\t\t<\/div>\n\n\t\t\t\t\t<\/li>\n\t\t\t\t                <li class=\"eael-feature-list-item elementor-repeater-item-91a8a4b\">\n                                            <span class=\"connector\" style=\"right: calc(100% - 46px); left: 0;\"><\/span>\n                        <span class=\"connector connector-tablet\" style=\"right: calc(100% - 46px); left: 0;\"><\/span>\n                        <span class=\"connector connector-mobile\" style=\"right: calc(100% - 46px); left: 0;\"><\/span>\n                    \n\t\t\t\t\t\t<div class=\"eael-feature-list-icon-box\">\n\t\t\t\t\t\t\t<div class=\"eael-feature-list-icon-inner\">\n\n\t\t\t\t\t\t\t\t<span class=\"eael-feature-list-icon fl-icon-3\">\n\n\t\t<i aria-hidden=\"true\" class=\"fas fa-check\"><\/i>\t\t\t\t\t\t\t\t<\/span>\n\t\t\t\t\t\t\t<\/div>\n\t\t\t\t\t\t<\/div>\n\t\t\t\t\t\t<div class=\"eael-feature-list-content-box\">\n                            <h3 class=\"eael-feature-list-title\">4. Work\/Life Balance through Nutrition<\/h3>\t\t\t\t\t\t<p class=\"eael-feature-list-content\">\u2022 Organizing meals for busy schedules<br>\n\u2022 Quick and healthy cooking<br>\n\u2022 Eating rituals to unwind after work<\/p>\n\t\t\t\t\t\t<\/div>\n\n\t\t\t\t\t<\/li>\n\t\t\t\t\t\t\t<\/ul>\n\t\t<\/div>\n\t\t\t\t\t\t<\/div>\n\t\t\t\t<\/div>\n\t\t\t\t<div class=\"elementor-element elementor-element-9f7f19a elementor-widget elementor-widget-text-editor\" data-id=\"9f7f19a\" data-element_type=\"widget\" data-widget_type=\"text-editor.default\">\n\t\t\t\t<div class=\"elementor-widget-container\">\n\t\t\t\t\t\t\t\t\t<p class=\"p1\">I'm at your disposal to respond as closely as possible to your company's values and needs, and to build together a moment of exchange for everyone's well-being!<\/p>\t\t\t\t\t\t\t\t<\/div>\n\t\t\t\t<\/div>\n\t\t\t\t<div class=\"elementor-element elementor-element-74421dd elementor-align-center elementor-widget elementor-widget-button\" data-id=\"74421dd\" data-element_type=\"widget\" data-widget_type=\"button.default\">\n\t\t\t\t<div class=\"elementor-widget-container\">\n\t\t\t\t\t\t\t\t\t<div class=\"elementor-button-wrapper\">\n\t\t\t\t\t<a class=\"elementor-button elementor-button-link elementor-size-sm\" href=\"https:\/\/foodforsoulnutrition.com\/en\/contact-et-paiement\/\">\n\t\t\t\t\t\t<span class=\"elementor-button-content-wrapper\">\n\t\t\t\t\t\t\t\t\t<span class=\"elementor-button-text\">Contact me<\/span>\n\t\t\t\t\t<\/span>\n\t\t\t\t\t<\/a>\n\t\t\t\t<\/div>\n\t\t\t\t\t\t\t\t<\/div>\n\t\t\t\t<\/div>\n\t\t\t\t\t<\/div>\n\t\t\t\t<\/div>\n\t\t\t\t<\/div>","protected":false},"excerpt":{"rendered":"<p>AteliersEntreprises Dans le cadre d&rsquo;initiatives de responsabilit\u00e9 soci\u00e9tale des entreprises (RSE),je propose des ateliers ax\u00e9s sur la nutrition et le bien-\u00eatre au travail. Avec plus de 20 ans d&rsquo;exp\u00e9rience dans le monde Corporate, je comprends les enjeux auxquels font face les entreprises.Je mets \u00e0 profit mon expertise en Nutrition et mon exp\u00e9rience en Communicationpour offrir [&hellip;]<\/p>\n","protected":false},"author":1,"featured_media":0,"parent":0,"menu_order":0,"comment_status":"closed","ping_status":"closed","template":"","meta":{"ocean_post_layout":"","ocean_both_sidebars_style":"","ocean_both_sidebars_content_width":0,"ocean_both_sidebars_sidebars_width":0,"ocean_sidebar":"","ocean_second_sidebar":"","ocean_disable_margins":"enable","ocean_add_body_class":"","ocean_shortcode_before_top_bar":"","ocean_shortcode_after_top_bar":"","ocean_shortcode_before_header":"","ocean_shortcode_after_header":"","ocean_has_shortcode":"","ocean_shortcode_after_title":"","ocean_shortcode_before_footer_widgets":"","ocean_shortcode_after_footer_widgets":"","ocean_shortcode_before_footer_bottom":"","ocean_shortcode_after_footer_bottom":"","ocean_display_top_bar":"default","ocean_display_header":"default","ocean_header_style":"","ocean_center_header_left_menu":"","ocean_custom_header_template":"","ocean_custom_logo":0,"ocean_custom_retina_logo":0,"ocean_custom_logo_max_width":0,"ocean_custom_logo_tablet_max_width":0,"ocean_custom_logo_mobile_max_width":0,"ocean_custom_logo_max_height":0,"ocean_custom_logo_tablet_max_height":0,"ocean_custom_logo_mobile_max_height":0,"ocean_header_custom_menu":"","ocean_menu_typo_font_family":"","ocean_menu_typo_font_subset":"","ocean_menu_typo_font_size":0,"ocean_menu_typo_font_size_tablet":0,"ocean_menu_typo_font_size_mobile":0,"ocean_menu_typo_font_size_unit":"px","ocean_menu_typo_font_weight":"","ocean_menu_typo_font_weight_tablet":"","ocean_menu_typo_font_weight_mobile":"","ocean_menu_typo_transform":"","ocean_menu_typo_transform_tablet":"","ocean_menu_typo_transform_mobile":"","ocean_menu_typo_line_height":0,"ocean_menu_typo_line_height_tablet":0,"ocean_menu_typo_line_height_mobile":0,"ocean_menu_typo_line_height_unit":"","ocean_menu_typo_spacing":0,"ocean_menu_typo_spacing_tablet":0,"ocean_menu_typo_spacing_mobile":0,"ocean_menu_typo_spacing_unit":"","ocean_menu_link_color":"","ocean_menu_link_color_hover":"","ocean_menu_link_color_active":"","ocean_menu_link_background":"","ocean_menu_link_hover_background":"","ocean_menu_link_active_background":"","ocean_menu_social_links_bg":"","ocean_menu_social_hover_links_bg":"","ocean_menu_social_links_color":"","ocean_menu_social_hover_links_color":"","ocean_disable_title":"default","ocean_disable_heading":"default","ocean_post_title":"","ocean_post_subheading":"","ocean_post_title_style":"","ocean_post_title_background_color":"","ocean_post_title_background":0,"ocean_post_title_bg_image_position":"","ocean_post_title_bg_image_attachment":"","ocean_post_title_bg_image_repeat":"","ocean_post_title_bg_image_size":"","ocean_post_title_height":0,"ocean_post_title_bg_overlay":0.5,"ocean_post_title_bg_overlay_color":"","ocean_disable_breadcrumbs":"default","ocean_breadcrumbs_color":"","ocean_breadcrumbs_separator_color":"","ocean_breadcrumbs_links_color":"","ocean_breadcrumbs_links_hover_color":"","ocean_display_footer_widgets":"default","ocean_display_footer_bottom":"default","ocean_custom_footer_template":"","footnotes":""},"class_list":["post-4832","page","type-page","status-publish","hentry","entry"],"yoast_head":"<!-- This site is optimized with the Yoast SEO plugin v27.1.1 - https:\/\/yoast.com\/product\/yoast-seo-wordpress\/ -->\n<title>Ateliers Entreprises - Food for Soul Nutrition<\/title>\n<meta name=\"robots\" content=\"index, follow, max-snippet:-1, max-image-preview:large, max-video-preview:-1\" \/>\n<link rel=\"canonical\" href=\"https:\/\/foodforsoulnutrition.com\/en\/ateliers-entreprises\/\" \/>\n<meta property=\"og:locale\" content=\"en_US\" \/>\n<meta property=\"og:type\" content=\"article\" \/>\n<meta property=\"og:title\" content=\"Ateliers Entreprises - Food for Soul Nutrition\" \/>\n<meta property=\"og:description\" content=\"AteliersEntreprises Dans le cadre d&rsquo;initiatives de responsabilit\u00e9 soci\u00e9tale des entreprises (RSE),je propose des ateliers ax\u00e9s sur la nutrition et le bien-\u00eatre au travail. Avec plus de 20 ans d&rsquo;exp\u00e9rience dans le monde Corporate, je comprends les enjeux auxquels font face les entreprises.Je mets \u00e0 profit mon expertise en Nutrition et mon exp\u00e9rience en Communicationpour offrir [&hellip;]\" \/>\n<meta property=\"og:url\" content=\"https:\/\/foodforsoulnutrition.com\/en\/ateliers-entreprises\/\" \/>\n<meta property=\"og:site_name\" content=\"Food for Soul Nutrition\" \/>\n<meta property=\"article:modified_time\" content=\"2025-02-19T11:58:09+00:00\" \/>\n<meta name=\"twitter:card\" content=\"summary_large_image\" \/>\n<meta name=\"twitter:label1\" content=\"Est. reading time\" \/>\n\t<meta name=\"twitter:data1\" content=\"2 minutes\" \/>\n<script type=\"application\/ld+json\" class=\"yoast-schema-graph\">{\"@context\":\"https:\/\/schema.org\",\"@graph\":[{\"@type\":\"WebPage\",\"@id\":\"https:\/\/foodforsoulnutrition.com\/ateliers-entreprises\/\",\"url\":\"https:\/\/foodforsoulnutrition.com\/ateliers-entreprises\/\",\"name\":\"Ateliers Entreprises - Food for Soul Nutrition\",\"isPartOf\":{\"@id\":\"https:\/\/foodforsoulnutrition.com\/#website\"},\"datePublished\":\"2025-02-13T12:16:17+00:00\",\"dateModified\":\"2025-02-19T11:58:09+00:00\",\"breadcrumb\":{\"@id\":\"https:\/\/foodforsoulnutrition.com\/ateliers-entreprises\/#breadcrumb\"},\"inLanguage\":\"en-US\",\"potentialAction\":[{\"@type\":\"ReadAction\",\"target\":[\"https:\/\/foodforsoulnutrition.com\/ateliers-entreprises\/\"]}]},{\"@type\":\"BreadcrumbList\",\"@id\":\"https:\/\/foodforsoulnutrition.com\/ateliers-entreprises\/#breadcrumb\",\"itemListElement\":[{\"@type\":\"ListItem\",\"position\":1,\"name\":\"Accueil\",\"item\":\"https:\/\/foodforsoulnutrition.com\/\"},{\"@type\":\"ListItem\",\"position\":2,\"name\":\"Ateliers Entreprises\"}]},{\"@type\":\"WebSite\",\"@id\":\"https:\/\/foodforsoulnutrition.com\/#website\",\"url\":\"https:\/\/foodforsoulnutrition.com\/\",\"name\":\"Food for Soul Nutrition\",\"description\":\"Agathe Willay, Nutritionniste et Nutrith\u00e9rapeute Holistique\",\"publisher\":{\"@id\":\"https:\/\/foodforsoulnutrition.com\/#\/schema\/person\/e5bd885c1fd661e68baee476f4d7e228\"},\"potentialAction\":[{\"@type\":\"SearchAction\",\"target\":{\"@type\":\"EntryPoint\",\"urlTemplate\":\"https:\/\/foodforsoulnutrition.com\/?s={search_term_string}\"},\"query-input\":{\"@type\":\"PropertyValueSpecification\",\"valueRequired\":true,\"valueName\":\"search_term_string\"}}],\"inLanguage\":\"en-US\"},{\"@type\":[\"Person\",\"Organization\"],\"@id\":\"https:\/\/foodforsoulnutrition.com\/#\/schema\/person\/e5bd885c1fd661e68baee476f4d7e228\",\"name\":\"Admin\",\"image\":{\"@type\":\"ImageObject\",\"inLanguage\":\"en-US\",\"@id\":\"https:\/\/foodforsoulnutrition.com\/#\/schema\/person\/image\/\",\"url\":\"https:\/\/foodforsoulnutrition.com\/wp-content\/uploads\/2023\/08\/avatar.jpg\",\"contentUrl\":\"https:\/\/foodforsoulnutrition.com\/wp-content\/uploads\/2023\/08\/avatar.jpg\",\"width\":537,\"height\":537,\"caption\":\"Admin\"},\"logo\":{\"@id\":\"https:\/\/foodforsoulnutrition.com\/#\/schema\/person\/image\/\"},\"sameAs\":[\"https:\/\/foodforsoulnutrition.com\"]}]}<\/script>\n<!-- \/ Yoast SEO plugin. -->","yoast_head_json":{"title":"Ateliers Entreprises - Food for Soul Nutrition","robots":{"index":"index","follow":"follow","max-snippet":"max-snippet:-1","max-image-preview":"max-image-preview:large","max-video-preview":"max-video-preview:-1"},"canonical":"https:\/\/foodforsoulnutrition.com\/en\/ateliers-entreprises\/","og_locale":"en_US","og_type":"article","og_title":"Ateliers Entreprises - Food for Soul Nutrition","og_description":"AteliersEntreprises Dans le cadre d&rsquo;initiatives de responsabilit\u00e9 soci\u00e9tale des entreprises (RSE),je propose des ateliers ax\u00e9s sur la nutrition et le bien-\u00eatre au travail. Avec plus de 20 ans d&rsquo;exp\u00e9rience dans le monde Corporate, je comprends les enjeux auxquels font face les entreprises.Je mets \u00e0 profit mon expertise en Nutrition et mon exp\u00e9rience en Communicationpour offrir [&hellip;]","og_url":"https:\/\/foodforsoulnutrition.com\/en\/ateliers-entreprises\/","og_site_name":"Food for Soul Nutrition","article_modified_time":"2025-02-19T11:58:09+00:00","twitter_card":"summary_large_image","twitter_misc":{"Est. reading time":"2 minutes"},"schema":{"@context":"https:\/\/schema.org","@graph":[{"@type":"WebPage","@id":"https:\/\/foodforsoulnutrition.com\/ateliers-entreprises\/","url":"https:\/\/foodforsoulnutrition.com\/ateliers-entreprises\/","name":"Ateliers Entreprises - Food for Soul Nutrition","isPartOf":{"@id":"https:\/\/foodforsoulnutrition.com\/#website"},"datePublished":"2025-02-13T12:16:17+00:00","dateModified":"2025-02-19T11:58:09+00:00","breadcrumb":{"@id":"https:\/\/foodforsoulnutrition.com\/ateliers-entreprises\/#breadcrumb"},"inLanguage":"en-US","potentialAction":[{"@type":"ReadAction","target":["https:\/\/foodforsoulnutrition.com\/ateliers-entreprises\/"]}]},{"@type":"BreadcrumbList","@id":"https:\/\/foodforsoulnutrition.com\/ateliers-entreprises\/#breadcrumb","itemListElement":[{"@type":"ListItem","position":1,"name":"Accueil","item":"https:\/\/foodforsoulnutrition.com\/"},{"@type":"ListItem","position":2,"name":"Ateliers Entreprises"}]},{"@type":"WebSite","@id":"https:\/\/foodforsoulnutrition.com\/#website","url":"https:\/\/foodforsoulnutrition.com\/","name":"Food for Soul Nutrition","description":"Agathe Willay, Nutritionniste et Nutrith\u00e9rapeute Holistique","publisher":{"@id":"https:\/\/foodforsoulnutrition.com\/#\/schema\/person\/e5bd885c1fd661e68baee476f4d7e228"},"potentialAction":[{"@type":"SearchAction","target":{"@type":"EntryPoint","urlTemplate":"https:\/\/foodforsoulnutrition.com\/?s={search_term_string}"},"query-input":{"@type":"PropertyValueSpecification","valueRequired":true,"valueName":"search_term_string"}}],"inLanguage":"en-US"},{"@type":["Person","Organization"],"@id":"https:\/\/foodforsoulnutrition.com\/#\/schema\/person\/e5bd885c1fd661e68baee476f4d7e228","name":"Admin","image":{"@type":"ImageObject","inLanguage":"en-US","@id":"https:\/\/foodforsoulnutrition.com\/#\/schema\/person\/image\/","url":"https:\/\/foodforsoulnutrition.com\/wp-content\/uploads\/2023\/08\/avatar.jpg","contentUrl":"https:\/\/foodforsoulnutrition.com\/wp-content\/uploads\/2023\/08\/avatar.jpg","width":537,"height":537,"caption":"Admin"},"logo":{"@id":"https:\/\/foodforsoulnutrition.com\/#\/schema\/person\/image\/"},"sameAs":["https:\/\/foodforsoulnutrition.com"]}]}},"_links":{"self":[{"href":"https:\/\/foodforsoulnutrition.com\/en\/wp-json\/wp\/v2\/pages\/4832","targetHints":{"allow":["GET"]}}],"collection":[{"href":"https:\/\/foodforsoulnutrition.com\/en\/wp-json\/wp\/v2\/pages"}],"about":[{"href":"https:\/\/foodforsoulnutrition.com\/en\/wp-json\/wp\/v2\/types\/page"}],"author":[{"embeddable":true,"href":"https:\/\/foodforsoulnutrition.com\/en\/wp-json\/wp\/v2\/users\/1"}],"replies":[{"embeddable":true,"href":"https:\/\/foodforsoulnutrition.com\/en\/wp-json\/wp\/v2\/comments?post=4832"}],"version-history":[{"count":256,"href":"https:\/\/foodforsoulnutrition.com\/en\/wp-json\/wp\/v2\/pages\/4832\/revisions"}],"predecessor-version":[{"id":5312,"href":"https:\/\/foodforsoulnutrition.com\/en\/wp-json\/wp\/v2\/pages\/4832\/revisions\/5312"}],"wp:attachment":[{"href":"https:\/\/foodforsoulnutrition.com\/en\/wp-json\/wp\/v2\/media?parent=4832"}],"curies":[{"name":"wp","href":"https:\/\/api.w.org\/{rel}","templated":true}]}}